{"id":39878,"date":"2024-02-29T11:24:07","date_gmt":"2024-02-29T10:24:07","guid":{"rendered":"https:\/\/pop-co.fr\/index.php\/product\/puzzle-xxl-marvel-lunivers-de-lhomme-araignee-300pcs-spiderman\/"},"modified":"2025-07-29T11:25:22","modified_gmt":"2025-07-29T09:25:22","slug":"puzzle-xxl-marvel-lunivers-de-lhomme-araignee-300pcs-spiderman","status":"publish","type":"product","link":"https:\/\/pop-co.fr\/index.php\/product\/puzzle-xxl-marvel-lunivers-de-lhomme-araignee-300pcs-spiderman\/","title":{"rendered":"PUZZLE XXL &#8211; MARVEL &#8211; L&rsquo;univers de l&rsquo;homme araign\u00e9e (300pcs) (Spiderman)"},"content":{"rendered":"<p>Ce coffret contient un puzzle de 300 pi\u00e8ces. Le nombre et la taille des pi\u00e8ces sont con\u00e7us pour permettre aux enfants d\u00e8s 9 ans d&rsquo;assembler leurs puzzles, dans l&rsquo;univers de leurs h\u00e9ros pr\u00e9f\u00e9r\u00e9s !<\/p>\n<p>Chercher des pi\u00e8ces, les assembler et se r\u00e9jouir en voyant l\u2019image devenir de plus en plus grande \u2013 c\u2019est \u00e7a faire des puzzles ! Voil\u00e0 pourquoi les enfants adorent assembler encore et encore les pi\u00e8ces de puzzle pour cr\u00e9er leurs motifs pr\u00e9f\u00e9r\u00e9s. Mais les puzzles offrent bien plus qu\u2019un simple jeu : en reconstituant un puzzle de la bonne difficult\u00e9, les enfants de tous \u00e2ges rel\u00e8vent des d\u00e9fis, apprennent \u00e0 devenir plus patients et renforcent leur confiance en eux. Chacun trouvera le puzzle qui lui pla\u00eet parmi notre vaste assortiment de puzzles pour enfants Ravensburger, de 2 \u00e0 300 pi\u00e8ces, illustr\u00e9s des motifs pr\u00e9f\u00e9r\u00e9s des enfants. Nous accordons une grande importance au choix des motifs et \u00e0 la grande qualit\u00e9 de nos puzzles pour enfants. C\u2019est pourquoi l\u2019innocuit\u00e9 de tous les mat\u00e9riaux est certifi\u00e9e par un institut ind\u00e9pendant. Depuis plus de 100 ans, nous d\u00e9veloppons des puzzles comme les enfants les aiment : le motif, le nombre de pi\u00e8ces et la taille des pi\u00e8ces sont adapt\u00e9s \u00e0 leur \u00e2ge.<\/p>\n","protected":false},"excerpt":{"rendered":"<p>Ce coffret contient un puzzle de 300 pi\u00e8ces. Le nombre et la taille des pi\u00e8ces sont con\u00e7us pour permettre aux enfants d\u00e8s 9 ans d&rsquo;assembler leurs puzzles, dans l&rsquo;univers de leurs h\u00e9ros pr\u00e9f\u00e9r\u00e9s ! Chercher des pi\u00e8ces, les assembler et se r\u00e9jouir en voyant l\u2019image devenir de plus en plus grande \u2013 c\u2019est \u00e7a faire [&hellip;]<\/p>\n","protected":false},"featured_media":356433,"comment_status":"open","ping_status":"closed","template":"","meta":[],"product_cat":[29,63],"product_tag":[],"aioseo_notices":[],"jetpack_sharing_enabled":true,"_links":{"self":[{"href":"https:\/\/pop-co.fr\/index.php\/wp-json\/wp\/v2\/product\/39878"}],"collection":[{"href":"https:\/\/pop-co.fr\/index.php\/wp-json\/wp\/v2\/product"}],"about":[{"href":"https:\/\/pop-co.fr\/index.php\/wp-json\/wp\/v2\/types\/product"}],"replies":[{"embeddable":true,"href":"https:\/\/pop-co.fr\/index.php\/wp-json\/wp\/v2\/comments?post=39878"}],"version-history":[{"count":0,"href":"https:\/\/pop-co.fr\/index.php\/wp-json\/wp\/v2\/product\/39878\/revisions"}],"wp:featuredmedia":[{"embeddable":true,"href":"https:\/\/pop-co.fr\/index.php\/wp-json\/wp\/v2\/media\/356433"}],"wp:attachment":[{"href":"https:\/\/pop-co.fr\/index.php\/wp-json\/wp\/v2\/media?parent=39878"}],"wp:term":[{"taxonomy":"product_cat","embeddable":true,"href":"https:\/\/pop-co.fr\/index.php\/wp-json\/wp\/v2\/product_cat?post=39878"},{"taxonomy":"product_tag","embeddable":true,"href":"https:\/\/pop-co.fr\/index.php\/wp-json\/wp\/v2\/product_tag?post=39878"}],"curies":[{"name":"wp","href":"https:\/\/api.w.org\/{rel}","templated":true}]}}