{"id":4103,"date":"2024-02-20T18:41:46","date_gmt":"2024-02-20T17:41:46","guid":{"rendered":"https:\/\/pop-co.fr\/index.php\/product\/mug-death-note-personnages\/"},"modified":"2025-06-28T13:38:45","modified_gmt":"2025-06-28T11:38:45","slug":"mug-death-note-personnages","status":"publish","type":"product","link":"https:\/\/pop-co.fr\/index.php\/product\/mug-death-note-personnages\/","title":{"rendered":"MUG &#8211; DEATH NOTE &#8211; Personnages"},"content":{"rendered":"<p>Quelle est votre d\u00e9finition de la justice ? Choisissez le camp de L ou celui de Kira avec ce mug Death Note par ABYstyle ! <\/p>\n<p>&#8211; Mug en c\u00e9ramique de haute qualit\u00e9. Contenance standard (320 ml)<br \/>\n&#8211; Packaging : bo\u00eete cartonn\u00e9e permettant de prot\u00e9ger le mug.<br \/>\n&#8211; Convient aux micro-ondes et lave-vaisselle.<\/p>\n","protected":false},"excerpt":{"rendered":"<p>Quelle est votre d\u00e9finition de la justice ? Choisissez le camp de L ou celui de Kira avec ce mug Death Note par ABYstyle ! &#8211; Mug en c\u00e9ramique de haute qualit\u00e9. Contenance standard (320 ml) &#8211; Packaging : bo\u00eete cartonn\u00e9e permettant de prot\u00e9ger le mug. &#8211; Convient aux micro-ondes et lave-vaisselle.<\/p>\n","protected":false},"featured_media":275065,"comment_status":"open","ping_status":"closed","template":"","meta":[],"product_cat":[18,17],"product_tag":[],"aioseo_notices":[],"jetpack_sharing_enabled":true,"_links":{"self":[{"href":"https:\/\/pop-co.fr\/index.php\/wp-json\/wp\/v2\/product\/4103"}],"collection":[{"href":"https:\/\/pop-co.fr\/index.php\/wp-json\/wp\/v2\/product"}],"about":[{"href":"https:\/\/pop-co.fr\/index.php\/wp-json\/wp\/v2\/types\/product"}],"replies":[{"embeddable":true,"href":"https:\/\/pop-co.fr\/index.php\/wp-json\/wp\/v2\/comments?post=4103"}],"version-history":[{"count":0,"href":"https:\/\/pop-co.fr\/index.php\/wp-json\/wp\/v2\/product\/4103\/revisions"}],"wp:featuredmedia":[{"embeddable":true,"href":"https:\/\/pop-co.fr\/index.php\/wp-json\/wp\/v2\/media\/275065"}],"wp:attachment":[{"href":"https:\/\/pop-co.fr\/index.php\/wp-json\/wp\/v2\/media?parent=4103"}],"wp:term":[{"taxonomy":"product_cat","embeddable":true,"href":"https:\/\/pop-co.fr\/index.php\/wp-json\/wp\/v2\/product_cat?post=4103"},{"taxonomy":"product_tag","embeddable":true,"href":"https:\/\/pop-co.fr\/index.php\/wp-json\/wp\/v2\/product_tag?post=4103"}],"curies":[{"name":"wp","href":"https:\/\/api.w.org\/{rel}","templated":true}]}}