{"id":4120,"date":"2024-02-20T18:42:08","date_gmt":"2024-02-20T17:42:08","guid":{"rendered":"https:\/\/pop-co.fr\/index.php\/product\/verres-x2-dragon-ball-kame-et-boule-de-cristal\/"},"modified":"2025-06-28T13:39:02","modified_gmt":"2025-06-28T11:39:02","slug":"verres-x2-dragon-ball-kame-et-boule-de-cristal","status":"publish","type":"product","link":"https:\/\/pop-co.fr\/index.php\/product\/verres-x2-dragon-ball-kame-et-boule-de-cristal\/","title":{"rendered":"VERRES X2 &#8211; DRAGON BALL &#8211; Kame et Boule de cristal"},"content":{"rendered":"<p>Retrouvez des \u00e9l\u00e9ments embl\u00e9matiques de Dragon Ball avec le symbole Kame et la boule de cristal \u00e0 4 \u00e9toiles sur ces superbes verres par ABYstyle. <\/p>\n<p>&#8211; Mati\u00e8re : verre haute qualit\u00e9<br \/>\n&#8211; Contenance : 30 cl<br \/>\n&#8211; Tenue d&rsquo;impression exceptionnelle : r\u00e9siste \u00e0 plus de 700 cycles au lave-vaisselle<br \/>\n&#8211; Packaging : bo\u00eete cartonn\u00e9e ouverte \u00e0 la licence<\/p>\n","protected":false},"excerpt":{"rendered":"<p>Retrouvez des \u00e9l\u00e9ments embl\u00e9matiques de Dragon Ball avec le symbole Kame et la boule de cristal \u00e0 4 \u00e9toiles sur ces superbes verres par ABYstyle. &#8211; Mati\u00e8re : verre haute qualit\u00e9 &#8211; Contenance : 30 cl &#8211; Tenue d&rsquo;impression exceptionnelle : r\u00e9siste \u00e0 plus de 700 cycles au lave-vaisselle &#8211; Packaging : bo\u00eete cartonn\u00e9e ouverte [&hellip;]<\/p>\n","protected":false},"featured_media":211380,"comment_status":"open","ping_status":"closed","template":"","meta":[],"product_cat":[23,17],"product_tag":[],"aioseo_notices":[],"jetpack_sharing_enabled":true,"_links":{"self":[{"href":"https:\/\/pop-co.fr\/index.php\/wp-json\/wp\/v2\/product\/4120"}],"collection":[{"href":"https:\/\/pop-co.fr\/index.php\/wp-json\/wp\/v2\/product"}],"about":[{"href":"https:\/\/pop-co.fr\/index.php\/wp-json\/wp\/v2\/types\/product"}],"replies":[{"embeddable":true,"href":"https:\/\/pop-co.fr\/index.php\/wp-json\/wp\/v2\/comments?post=4120"}],"version-history":[{"count":0,"href":"https:\/\/pop-co.fr\/index.php\/wp-json\/wp\/v2\/product\/4120\/revisions"}],"wp:featuredmedia":[{"embeddable":true,"href":"https:\/\/pop-co.fr\/index.php\/wp-json\/wp\/v2\/media\/211380"}],"wp:attachment":[{"href":"https:\/\/pop-co.fr\/index.php\/wp-json\/wp\/v2\/media?parent=4120"}],"wp:term":[{"taxonomy":"product_cat","embeddable":true,"href":"https:\/\/pop-co.fr\/index.php\/wp-json\/wp\/v2\/product_cat?post=4120"},{"taxonomy":"product_tag","embeddable":true,"href":"https:\/\/pop-co.fr\/index.php\/wp-json\/wp\/v2\/product_tag?post=4120"}],"curies":[{"name":"wp","href":"https:\/\/api.w.org\/{rel}","templated":true}]}}