{"id":4125,"date":"2024-02-20T18:42:13","date_gmt":"2024-02-20T17:42:13","guid":{"rendered":"https:\/\/pop-co.fr\/index.php\/product\/theiere-nbx-jack-skellington\/"},"modified":"2025-06-28T13:39:05","modified_gmt":"2025-06-28T11:39:05","slug":"theiere-nbx-jack-skellington","status":"publish","type":"product","link":"https:\/\/pop-co.fr\/index.php\/product\/theiere-nbx-jack-skellington\/","title":{"rendered":"THEIERE &#8211; NBX &#8211; Jack Skellington"},"content":{"rendered":"<p>Prenez votre pause th\u00e9 dans l&rsquo;univers terrifiant mais envoutant de Tim Burton avec cette th\u00e9i\u00e8re L&rsquo;\u00c9trange No\u00ebl de monsieur Jack ! Faites attention \u00e0 ce que ce ne soit pas Sally qui ait pr\u00e9par\u00e9 votre boisson, qui sait ce qu&rsquo;elle aurait pu mettre dedans ! <\/p>\n<p>&#8211; Contenance : 550 ml<br \/>\n&#8211; Mati\u00e8re : c\u00e9ramique.<br \/>\n&#8211; Ne passe pas au micro-ondes ou au lave-vaisselle.<\/p>\n","protected":false},"excerpt":{"rendered":"<p>Prenez votre pause th\u00e9 dans l&rsquo;univers terrifiant mais envoutant de Tim Burton avec cette th\u00e9i\u00e8re L&rsquo;\u00c9trange No\u00ebl de monsieur Jack ! Faites attention \u00e0 ce que ce ne soit pas Sally qui ait pr\u00e9par\u00e9 votre boisson, qui sait ce qu&rsquo;elle aurait pu mettre dedans ! &#8211; Contenance : 550 ml &#8211; Mati\u00e8re : c\u00e9ramique. &#8211; [&hellip;]<\/p>\n","protected":false},"featured_media":150134,"comment_status":"open","ping_status":"closed","template":"","meta":[],"product_cat":[31],"product_tag":[],"aioseo_notices":[],"jetpack_sharing_enabled":true,"_links":{"self":[{"href":"https:\/\/pop-co.fr\/index.php\/wp-json\/wp\/v2\/product\/4125"}],"collection":[{"href":"https:\/\/pop-co.fr\/index.php\/wp-json\/wp\/v2\/product"}],"about":[{"href":"https:\/\/pop-co.fr\/index.php\/wp-json\/wp\/v2\/types\/product"}],"replies":[{"embeddable":true,"href":"https:\/\/pop-co.fr\/index.php\/wp-json\/wp\/v2\/comments?post=4125"}],"version-history":[{"count":0,"href":"https:\/\/pop-co.fr\/index.php\/wp-json\/wp\/v2\/product\/4125\/revisions"}],"wp:featuredmedia":[{"embeddable":true,"href":"https:\/\/pop-co.fr\/index.php\/wp-json\/wp\/v2\/media\/150134"}],"wp:attachment":[{"href":"https:\/\/pop-co.fr\/index.php\/wp-json\/wp\/v2\/media?parent=4125"}],"wp:term":[{"taxonomy":"product_cat","embeddable":true,"href":"https:\/\/pop-co.fr\/index.php\/wp-json\/wp\/v2\/product_cat?post=4125"},{"taxonomy":"product_tag","embeddable":true,"href":"https:\/\/pop-co.fr\/index.php\/wp-json\/wp\/v2\/product_tag?post=4125"}],"curies":[{"name":"wp","href":"https:\/\/api.w.org\/{rel}","templated":true}]}}