{"id":4149,"date":"2024-02-20T18:42:36","date_gmt":"2024-02-20T17:42:36","guid":{"rendered":"https:\/\/pop-co.fr\/index.php\/product\/chapeau-de-paille-one-piece-taille-enfant\/"},"modified":"2025-06-28T13:39:15","modified_gmt":"2025-06-28T11:39:15","slug":"chapeau-de-paille-one-piece-taille-enfant","status":"publish","type":"product","link":"https:\/\/pop-co.fr\/index.php\/product\/chapeau-de-paille-one-piece-taille-enfant\/","title":{"rendered":"CHAPEAU DE PAILLE &#8211; ONE PIECE &#8211; Taille enfant"},"content":{"rendered":"<p>Le chapeau de Luffy du manga One Piece Avis aux fans de Luffy, ce chapeau est pour vous ! Le vrai chapeau de paille Luffy pour parfaire ta tenue et partir \u00e0 l\u2019aventure ! <\/p>\n<p>&#8211; Taille enfant<br \/>\n&#8211; Un design pr\u00e9cis et tr\u00e8s fid\u00e8le au personnage<br \/>\n&#8211; Finitions r\u00e9sistantes<br \/>\nLuffy est reconnaissable gr\u00e2ce \u00e0 son fameux chapeau qui lui a \u00e9t\u00e9 donn\u00e9 par Shanks le Roux, qui l\u2019a lui-m\u00eame re\u00e7u de Gol D. Roger. Cet objet est tr\u00e8s pr\u00e9cieux pour Luffy, il ne le confie qu&rsquo;\u00e0 ceux en qui il a pleinement confiance. Cela symbolise son amiti\u00e9 avec le pirate mais \u00e9galement sa promesse : devenir un jour le seigneur de tous les pirates ! Une fois sa qu\u00eate remplie, il le lui rendra enfin ! C&rsquo;est ainsi que Monkey D Luffy part \u00e0 l&rsquo;aventure avec le chapeau que Shanks lui a offert sur la t\u00eate ! Il est donc \u00e0 la recherche de membres pour son \u00e9quipage, qui va devenir ensuite le c\u00e9l\u00e8bre \u00e9quipage de Chapeau de Paille !<br \/>\nDimensions 32 x 10 x 32 cm<\/p>\n","protected":false},"excerpt":{"rendered":"<p>Le chapeau de Luffy du manga One Piece Avis aux fans de Luffy, ce chapeau est pour vous ! Le vrai chapeau de paille Luffy pour parfaire ta tenue et partir \u00e0 l\u2019aventure ! &#8211; Taille enfant &#8211; Un design pr\u00e9cis et tr\u00e8s fid\u00e8le au personnage &#8211; Finitions r\u00e9sistantes Luffy est reconnaissable gr\u00e2ce \u00e0 son [&hellip;]<\/p>\n","protected":false},"featured_media":211245,"comment_status":"open","ping_status":"closed","template":"","meta":[],"product_cat":[17,22],"product_tag":[],"aioseo_notices":[],"jetpack_sharing_enabled":true,"_links":{"self":[{"href":"https:\/\/pop-co.fr\/index.php\/wp-json\/wp\/v2\/product\/4149"}],"collection":[{"href":"https:\/\/pop-co.fr\/index.php\/wp-json\/wp\/v2\/product"}],"about":[{"href":"https:\/\/pop-co.fr\/index.php\/wp-json\/wp\/v2\/types\/product"}],"replies":[{"embeddable":true,"href":"https:\/\/pop-co.fr\/index.php\/wp-json\/wp\/v2\/comments?post=4149"}],"version-history":[{"count":0,"href":"https:\/\/pop-co.fr\/index.php\/wp-json\/wp\/v2\/product\/4149\/revisions"}],"wp:featuredmedia":[{"embeddable":true,"href":"https:\/\/pop-co.fr\/index.php\/wp-json\/wp\/v2\/media\/211245"}],"wp:attachment":[{"href":"https:\/\/pop-co.fr\/index.php\/wp-json\/wp\/v2\/media?parent=4149"}],"wp:term":[{"taxonomy":"product_cat","embeddable":true,"href":"https:\/\/pop-co.fr\/index.php\/wp-json\/wp\/v2\/product_cat?post=4149"},{"taxonomy":"product_tag","embeddable":true,"href":"https:\/\/pop-co.fr\/index.php\/wp-json\/wp\/v2\/product_tag?post=4149"}],"curies":[{"name":"wp","href":"https:\/\/api.w.org\/{rel}","templated":true}]}}