{"id":4159,"date":"2024-02-20T18:42:48","date_gmt":"2024-02-20T17:42:48","guid":{"rendered":"https:\/\/pop-co.fr\/index.php\/product\/coussin-pokemon-carapuce-2\/"},"modified":"2025-07-29T11:13:57","modified_gmt":"2025-07-29T09:13:57","slug":"coussin-pokemon-carapuce-2","status":"publish","type":"product","link":"https:\/\/pop-co.fr\/index.php\/product\/coussin-pokemon-carapuce-2\/","title":{"rendered":"COUSSIN &#8211; POKEMON &#8211; Carapuce"},"content":{"rendered":"<p>Si vous aimez Carapuce alors vous allez adorer ce coussin Pok\u00e9mon tr\u00e8s mignon par ABYstyle, mais ne vous inqui\u00e9tez pas il ne vous mouillera pas ! <\/p>\n<p>&#8211; Mati\u00e8re : velboa avec broderie + polyester (style peluche).<br \/>\n&#8211; Dimensions : H. 33 cm x L. 40 cm. Epaisseur : env 8 cm<\/p>\n","protected":false},"excerpt":{"rendered":"<p>Si vous aimez Carapuce alors vous allez adorer ce coussin Pok\u00e9mon tr\u00e8s mignon par ABYstyle, mais ne vous inqui\u00e9tez pas il ne vous mouillera pas ! &#8211; Mati\u00e8re : velboa avec broderie + polyester (style peluche). &#8211; Dimensions : H. 33 cm x L. 40 cm. Epaisseur : env 8 cm<\/p>\n","protected":false},"featured_media":356125,"comment_status":"open","ping_status":"closed","template":"","meta":[],"product_cat":[34,20],"product_tag":[],"aioseo_notices":[],"jetpack_sharing_enabled":true,"_links":{"self":[{"href":"https:\/\/pop-co.fr\/index.php\/wp-json\/wp\/v2\/product\/4159"}],"collection":[{"href":"https:\/\/pop-co.fr\/index.php\/wp-json\/wp\/v2\/product"}],"about":[{"href":"https:\/\/pop-co.fr\/index.php\/wp-json\/wp\/v2\/types\/product"}],"replies":[{"embeddable":true,"href":"https:\/\/pop-co.fr\/index.php\/wp-json\/wp\/v2\/comments?post=4159"}],"version-history":[{"count":0,"href":"https:\/\/pop-co.fr\/index.php\/wp-json\/wp\/v2\/product\/4159\/revisions"}],"wp:featuredmedia":[{"embeddable":true,"href":"https:\/\/pop-co.fr\/index.php\/wp-json\/wp\/v2\/media\/356125"}],"wp:attachment":[{"href":"https:\/\/pop-co.fr\/index.php\/wp-json\/wp\/v2\/media?parent=4159"}],"wp:term":[{"taxonomy":"product_cat","embeddable":true,"href":"https:\/\/pop-co.fr\/index.php\/wp-json\/wp\/v2\/product_cat?post=4159"},{"taxonomy":"product_tag","embeddable":true,"href":"https:\/\/pop-co.fr\/index.php\/wp-json\/wp\/v2\/product_tag?post=4159"}],"curies":[{"name":"wp","href":"https:\/\/api.w.org\/{rel}","templated":true}]}}