{"id":4174,"date":"2024-02-20T18:43:06","date_gmt":"2024-02-20T17:43:06","guid":{"rendered":"https:\/\/pop-co.fr\/index.php\/product\/coffret-demon-slayer-gobelet-avec-paille-470ml-acryl-stickers\/"},"modified":"2025-06-28T13:39:27","modified_gmt":"2025-06-28T11:39:27","slug":"coffret-demon-slayer-gobelet-avec-paille-470ml-acryl-stickers","status":"publish","type":"product","link":"https:\/\/pop-co.fr\/index.php\/product\/coffret-demon-slayer-gobelet-avec-paille-470ml-acryl-stickers\/","title":{"rendered":"COFFRET &#8211; DEMON SLAYER &#8211; Gobelet avec paille 470ml + Acryl + Stickers"},"content":{"rendered":"<p>Envie de faire plaisir \u00e0 un fan de Demon Slayer ? Ce coffret ABYstyle est le cadeau id\u00e9al \u00e0 lui offrir ! Il contient : <\/p>\n<p>&#8211; 1 GOBELET AVEC PAILLE pour boire sa boisson favorite aux couleurs de son univers pr\u00e9f\u00e9r\u00e9. Contenance 470 ml.<br \/>\n&#8211; 1 ACRYL\u00ae ultra-styl\u00e9 avec son h\u00e9ros. Impression haute qualit\u00e9 sur acrylique.<br \/>\n&#8211; 1 SET DE STICKERS aux couleurs de votre licence favorite. Format 16 x 11 cm.<\/p>\n","protected":false},"excerpt":{"rendered":"<p>Envie de faire plaisir \u00e0 un fan de Demon Slayer ? Ce coffret ABYstyle est le cadeau id\u00e9al \u00e0 lui offrir ! Il contient : &#8211; 1 GOBELET AVEC PAILLE pour boire sa boisson favorite aux couleurs de son univers pr\u00e9f\u00e9r\u00e9. Contenance 470 ml. &#8211; 1 ACRYL\u00ae ultra-styl\u00e9 avec son h\u00e9ros. Impression haute qualit\u00e9 sur [&hellip;]<\/p>\n","protected":false},"featured_media":275977,"comment_status":"open","ping_status":"closed","template":"","meta":[],"product_cat":[17,24],"product_tag":[],"aioseo_notices":[],"jetpack_sharing_enabled":true,"_links":{"self":[{"href":"https:\/\/pop-co.fr\/index.php\/wp-json\/wp\/v2\/product\/4174"}],"collection":[{"href":"https:\/\/pop-co.fr\/index.php\/wp-json\/wp\/v2\/product"}],"about":[{"href":"https:\/\/pop-co.fr\/index.php\/wp-json\/wp\/v2\/types\/product"}],"replies":[{"embeddable":true,"href":"https:\/\/pop-co.fr\/index.php\/wp-json\/wp\/v2\/comments?post=4174"}],"version-history":[{"count":0,"href":"https:\/\/pop-co.fr\/index.php\/wp-json\/wp\/v2\/product\/4174\/revisions"}],"wp:featuredmedia":[{"embeddable":true,"href":"https:\/\/pop-co.fr\/index.php\/wp-json\/wp\/v2\/media\/275977"}],"wp:attachment":[{"href":"https:\/\/pop-co.fr\/index.php\/wp-json\/wp\/v2\/media?parent=4174"}],"wp:term":[{"taxonomy":"product_cat","embeddable":true,"href":"https:\/\/pop-co.fr\/index.php\/wp-json\/wp\/v2\/product_cat?post=4174"},{"taxonomy":"product_tag","embeddable":true,"href":"https:\/\/pop-co.fr\/index.php\/wp-json\/wp\/v2\/product_tag?post=4174"}],"curies":[{"name":"wp","href":"https:\/\/api.w.org\/{rel}","templated":true}]}}