{"id":4195,"date":"2024-02-20T18:43:27","date_gmt":"2024-02-20T17:43:27","guid":{"rendered":"https:\/\/pop-co.fr\/index.php\/product\/mug-junji-ito-the-boy-at-the-crossroads\/"},"modified":"2025-09-01T16:49:14","modified_gmt":"2025-09-01T14:49:14","slug":"mug-junji-ito-the-boy-at-the-crossroads","status":"publish","type":"product","link":"https:\/\/pop-co.fr\/index.php\/product\/mug-junji-ito-the-boy-at-the-crossroads\/","title":{"rendered":"MUG &#8211; JUNJI ITO &#8211; The Boy at the Crossroads"},"content":{"rendered":"<p>Vous avez pass\u00e9 la nuit \u00e0 errer dans des carrefours sombres et brumeux ? Ne vous inqui\u00e9tez pas, ce mug The Boy at the Crossroads par ABYstyle contient tout le caf\u00e9 dont vous avez besoin pour vous lever et vous mettre en route t\u00f4t le matin. Ce mug pr\u00e9sente un panneau manga noir et blanc envelopp\u00e9 d&rsquo;accents vert p\u00e2le ainsi que d&rsquo;images de l&rsquo;Intersection Bishounen de Junji Ito. <\/p>\n<p>&#8211; Mug en c\u00e9ramique de haute qualit\u00e9. Contenance standard (320 ml)<br \/>\n&#8211; Packaging : bo\u00eete cartonn\u00e9e permettant de prot\u00e9ger le mug tout en assurant une visibilit\u00e9 \u00e0 360\u00b0<br \/>\n&#8211; Convient aux micro-ondes et lave-vaisselle.<\/p>\n","protected":false},"excerpt":{"rendered":"<p>Vous avez pass\u00e9 la nuit \u00e0 errer dans des carrefours sombres et brumeux ? Ne vous inqui\u00e9tez pas, ce mug The Boy at the Crossroads par ABYstyle contient tout le caf\u00e9 dont vous avez besoin pour vous lever et vous mettre en route t\u00f4t le matin. Ce mug pr\u00e9sente un panneau manga noir et blanc [&hellip;]<\/p>\n","protected":false},"featured_media":358017,"comment_status":"open","ping_status":"closed","template":"","meta":[],"product_cat":[17,18],"product_tag":[],"aioseo_notices":[],"jetpack_sharing_enabled":true,"_links":{"self":[{"href":"https:\/\/pop-co.fr\/index.php\/wp-json\/wp\/v2\/product\/4195"}],"collection":[{"href":"https:\/\/pop-co.fr\/index.php\/wp-json\/wp\/v2\/product"}],"about":[{"href":"https:\/\/pop-co.fr\/index.php\/wp-json\/wp\/v2\/types\/product"}],"replies":[{"embeddable":true,"href":"https:\/\/pop-co.fr\/index.php\/wp-json\/wp\/v2\/comments?post=4195"}],"version-history":[{"count":0,"href":"https:\/\/pop-co.fr\/index.php\/wp-json\/wp\/v2\/product\/4195\/revisions"}],"wp:featuredmedia":[{"embeddable":true,"href":"https:\/\/pop-co.fr\/index.php\/wp-json\/wp\/v2\/media\/358017"}],"wp:attachment":[{"href":"https:\/\/pop-co.fr\/index.php\/wp-json\/wp\/v2\/media?parent=4195"}],"wp:term":[{"taxonomy":"product_cat","embeddable":true,"href":"https:\/\/pop-co.fr\/index.php\/wp-json\/wp\/v2\/product_cat?post=4195"},{"taxonomy":"product_tag","embeddable":true,"href":"https:\/\/pop-co.fr\/index.php\/wp-json\/wp\/v2\/product_tag?post=4195"}],"curies":[{"name":"wp","href":"https:\/\/api.w.org\/{rel}","templated":true}]}}