{"id":4203,"date":"2024-02-20T18:43:37","date_gmt":"2024-02-20T17:43:37","guid":{"rendered":"https:\/\/pop-co.fr\/index.php\/product\/mug-demon-slayer-entertainment-district\/"},"modified":"2025-06-28T13:39:41","modified_gmt":"2025-06-28T11:39:41","slug":"mug-demon-slayer-entertainment-district","status":"publish","type":"product","link":"https:\/\/pop-co.fr\/index.php\/product\/mug-demon-slayer-entertainment-district\/","title":{"rendered":"MUG &#8211; DEMON SLAYER &#8211; Entertainment District"},"content":{"rendered":"<p>Faites le plein d&rsquo;\u00e9nergie et partez vite gr\u00e2ce \u00e0 un bon caf\u00e9 et \u00e0 ce mug de l&rsquo;Entertainment District de Demon Slayer par ABYstyle. <\/p>\n<p>&#8211; Mug en c\u00e9ramique de haute qualit\u00e9. Contenance standard (320 ml)<br \/>\n&#8211; Packaging : bo\u00eete cartonn\u00e9e permettant de prot\u00e9ger le mug tout en assurant une visibilit\u00e9 \u00e0 360\u00b0<br \/>\n&#8211; Convient aux micro-ondes et lave-vaisselle.<\/p>\n","protected":false},"excerpt":{"rendered":"<p>Faites le plein d&rsquo;\u00e9nergie et partez vite gr\u00e2ce \u00e0 un bon caf\u00e9 et \u00e0 ce mug de l&rsquo;Entertainment District de Demon Slayer par ABYstyle. &#8211; Mug en c\u00e9ramique de haute qualit\u00e9. Contenance standard (320 ml) &#8211; Packaging : bo\u00eete cartonn\u00e9e permettant de prot\u00e9ger le mug tout en assurant une visibilit\u00e9 \u00e0 360\u00b0 &#8211; Convient aux [&hellip;]<\/p>\n","protected":false},"featured_media":284636,"comment_status":"open","ping_status":"closed","template":"","meta":[],"product_cat":[17,24],"product_tag":[],"aioseo_notices":[],"jetpack_sharing_enabled":true,"_links":{"self":[{"href":"https:\/\/pop-co.fr\/index.php\/wp-json\/wp\/v2\/product\/4203"}],"collection":[{"href":"https:\/\/pop-co.fr\/index.php\/wp-json\/wp\/v2\/product"}],"about":[{"href":"https:\/\/pop-co.fr\/index.php\/wp-json\/wp\/v2\/types\/product"}],"replies":[{"embeddable":true,"href":"https:\/\/pop-co.fr\/index.php\/wp-json\/wp\/v2\/comments?post=4203"}],"version-history":[{"count":0,"href":"https:\/\/pop-co.fr\/index.php\/wp-json\/wp\/v2\/product\/4203\/revisions"}],"wp:featuredmedia":[{"embeddable":true,"href":"https:\/\/pop-co.fr\/index.php\/wp-json\/wp\/v2\/media\/284636"}],"wp:attachment":[{"href":"https:\/\/pop-co.fr\/index.php\/wp-json\/wp\/v2\/media?parent=4203"}],"wp:term":[{"taxonomy":"product_cat","embeddable":true,"href":"https:\/\/pop-co.fr\/index.php\/wp-json\/wp\/v2\/product_cat?post=4203"},{"taxonomy":"product_tag","embeddable":true,"href":"https:\/\/pop-co.fr\/index.php\/wp-json\/wp\/v2\/product_tag?post=4203"}],"curies":[{"name":"wp","href":"https:\/\/api.w.org\/{rel}","templated":true}]}}