{"id":4215,"date":"2024-02-20T18:43:49","date_gmt":"2024-02-20T17:43:49","guid":{"rendered":"https:\/\/pop-co.fr\/index.php\/product\/mug-demon-slayer-kamado-tanjiro-et-kamado-nezuko\/"},"modified":"2025-06-28T13:39:46","modified_gmt":"2025-06-28T11:39:46","slug":"mug-demon-slayer-kamado-tanjiro-et-kamado-nezuko","status":"publish","type":"product","link":"https:\/\/pop-co.fr\/index.php\/product\/mug-demon-slayer-kamado-tanjiro-et-kamado-nezuko\/","title":{"rendered":"MUG &#8211; DEMON SLAYER &#8211; Kamado Tanjiro et Kamado Nezuko"},"content":{"rendered":"<p>Apr\u00e8s la sauvage attaque qui a transform\u00e9 la s\u0153ur de Tanjiro, Nezuko, en d\u00e9mon, il a jur\u00e9 qu&rsquo;il ferait tout pour trouver un rem\u00e8de et la rendre humaine \u00e0 nouveau. Ce mug par ABYstyle met en sc\u00e8ne les ins\u00e9parables fr\u00e8res et s\u0153urs Tanjiro et Nezuko, dans leur aventure qui les am\u00e8ne \u00e0 sauver les humains des puissants d\u00e9mons de ce manga \u00e0 succ\u00e8s Demon Slayer. <\/p>\n<p>&#8211; Mug en c\u00e9ramique de haute qualit\u00e9. Contenance standard (320 ml)<br \/>\n&#8211; Packaging : bo\u00eete cartonn\u00e9e permettant de prot\u00e9ger le mug tout en assurant une visibilit\u00e9 \u00e0 360\u00b0<br \/>\n&#8211; Convient aux micro-ondes et lave-vaisselle.<br \/>\n&#8211; Finition mate.<\/p>\n","protected":false},"excerpt":{"rendered":"<p>Apr\u00e8s la sauvage attaque qui a transform\u00e9 la s\u0153ur de Tanjiro, Nezuko, en d\u00e9mon, il a jur\u00e9 qu&rsquo;il ferait tout pour trouver un rem\u00e8de et la rendre humaine \u00e0 nouveau. Ce mug par ABYstyle met en sc\u00e8ne les ins\u00e9parables fr\u00e8res et s\u0153urs Tanjiro et Nezuko, dans leur aventure qui les am\u00e8ne \u00e0 sauver les humains [&hellip;]<\/p>\n","protected":false},"featured_media":150201,"comment_status":"open","ping_status":"closed","template":"","meta":[],"product_cat":[17,24],"product_tag":[],"aioseo_notices":[],"jetpack_sharing_enabled":true,"_links":{"self":[{"href":"https:\/\/pop-co.fr\/index.php\/wp-json\/wp\/v2\/product\/4215"}],"collection":[{"href":"https:\/\/pop-co.fr\/index.php\/wp-json\/wp\/v2\/product"}],"about":[{"href":"https:\/\/pop-co.fr\/index.php\/wp-json\/wp\/v2\/types\/product"}],"replies":[{"embeddable":true,"href":"https:\/\/pop-co.fr\/index.php\/wp-json\/wp\/v2\/comments?post=4215"}],"version-history":[{"count":0,"href":"https:\/\/pop-co.fr\/index.php\/wp-json\/wp\/v2\/product\/4215\/revisions"}],"wp:featuredmedia":[{"embeddable":true,"href":"https:\/\/pop-co.fr\/index.php\/wp-json\/wp\/v2\/media\/150201"}],"wp:attachment":[{"href":"https:\/\/pop-co.fr\/index.php\/wp-json\/wp\/v2\/media?parent=4215"}],"wp:term":[{"taxonomy":"product_cat","embeddable":true,"href":"https:\/\/pop-co.fr\/index.php\/wp-json\/wp\/v2\/product_cat?post=4215"},{"taxonomy":"product_tag","embeddable":true,"href":"https:\/\/pop-co.fr\/index.php\/wp-json\/wp\/v2\/product_tag?post=4215"}],"curies":[{"name":"wp","href":"https:\/\/api.w.org\/{rel}","templated":true}]}}