{"id":4219,"date":"2024-02-20T18:43:53","date_gmt":"2024-02-20T17:43:53","guid":{"rendered":"https:\/\/pop-co.fr\/index.php\/product\/mug-aot-key-art-saison-04\/"},"modified":"2025-06-28T13:39:48","modified_gmt":"2025-06-28T11:39:48","slug":"mug-aot-key-art-saison-04","status":"publish","type":"product","link":"https:\/\/pop-co.fr\/index.php\/product\/mug-aot-key-art-saison-04\/","title":{"rendered":"MUG &#8211; AOT &#8211; Key art saison 04"},"content":{"rendered":"<p>Buvez avec Eren, son Titan Assaillant et Reiner de l&rsquo;Attaque des Titans saison 4 avec ce mug par ABYstyle ! <\/p>\n<p>&#8211; Mug en c\u00e9ramique de haute qualit\u00e9. Contenance standard (320 ml)<br \/>\n&#8211; Packaging : bo\u00eete cartonn\u00e9e permettant de prot\u00e9ger le mug tout en assurant une visibilit\u00e9 \u00e0 360\u00b0.<br \/>\n&#8211; Convient aux micro-ondes et lave-vaisselle.<\/p>\n","protected":false},"excerpt":{"rendered":"<p>Buvez avec Eren, son Titan Assaillant et Reiner de l&rsquo;Attaque des Titans saison 4 avec ce mug par ABYstyle ! &#8211; Mug en c\u00e9ramique de haute qualit\u00e9. Contenance standard (320 ml) &#8211; Packaging : bo\u00eete cartonn\u00e9e permettant de prot\u00e9ger le mug tout en assurant une visibilit\u00e9 \u00e0 360\u00b0. &#8211; Convient aux micro-ondes et lave-vaisselle.<\/p>\n","protected":false},"featured_media":150204,"comment_status":"open","ping_status":"closed","template":"","meta":[],"product_cat":[25,17],"product_tag":[],"aioseo_notices":[],"jetpack_sharing_enabled":true,"_links":{"self":[{"href":"https:\/\/pop-co.fr\/index.php\/wp-json\/wp\/v2\/product\/4219"}],"collection":[{"href":"https:\/\/pop-co.fr\/index.php\/wp-json\/wp\/v2\/product"}],"about":[{"href":"https:\/\/pop-co.fr\/index.php\/wp-json\/wp\/v2\/types\/product"}],"replies":[{"embeddable":true,"href":"https:\/\/pop-co.fr\/index.php\/wp-json\/wp\/v2\/comments?post=4219"}],"version-history":[{"count":0,"href":"https:\/\/pop-co.fr\/index.php\/wp-json\/wp\/v2\/product\/4219\/revisions"}],"wp:featuredmedia":[{"embeddable":true,"href":"https:\/\/pop-co.fr\/index.php\/wp-json\/wp\/v2\/media\/150204"}],"wp:attachment":[{"href":"https:\/\/pop-co.fr\/index.php\/wp-json\/wp\/v2\/media?parent=4219"}],"wp:term":[{"taxonomy":"product_cat","embeddable":true,"href":"https:\/\/pop-co.fr\/index.php\/wp-json\/wp\/v2\/product_cat?post=4219"},{"taxonomy":"product_tag","embeddable":true,"href":"https:\/\/pop-co.fr\/index.php\/wp-json\/wp\/v2\/product_tag?post=4219"}],"curies":[{"name":"wp","href":"https:\/\/api.w.org\/{rel}","templated":true}]}}