{"id":4228,"date":"2024-02-20T18:44:02","date_gmt":"2024-02-20T17:44:02","guid":{"rendered":"https:\/\/pop-co.fr\/index.php\/product\/mug-thermoreactif-demon-slayer-pourfendeurs\/"},"modified":"2025-06-28T13:39:52","modified_gmt":"2025-06-28T11:39:52","slug":"mug-thermoreactif-demon-slayer-pourfendeurs","status":"publish","type":"product","link":"https:\/\/pop-co.fr\/index.php\/product\/mug-thermoreactif-demon-slayer-pourfendeurs\/","title":{"rendered":"MUG THERMOREACTIF &#8211; DEMON SLAYER &#8211; Pourfendeurs"},"content":{"rendered":"<p>N&rsquo;oubliez pas votre caf\u00e9 du matin avant de partir pour votre prochaine mission. Ce mug thermo-r\u00e9actif Demon Slayer par ABYstyle repr\u00e9sente Tanjiro, Nezuko, Zenitsu et Inosuke et un fond qui change d&rsquo;apparence lorsqu&rsquo;il est chauff\u00e9 pour r\u00e9v\u00e9ler des motifs inspir\u00e9s de l&rsquo;esth\u00e9tique de chaque personnage.<\/p>\n<p>Caract\u00e9ristiques :<br \/>\n&#8211; Change d&rsquo;aspect lorsque vous versez un liquide chaud.<br \/>\n&#8211; Grande contenance (460 ml).<br \/>\n&#8211; Ne passe pas au micro-ondes ou au lave-vaisselle<br \/>\n&#8211; Mati\u00e8re c\u00e9ramique.<\/p>\n","protected":false},"excerpt":{"rendered":"<p>N&rsquo;oubliez pas votre caf\u00e9 du matin avant de partir pour votre prochaine mission. Ce mug thermo-r\u00e9actif Demon Slayer par ABYstyle repr\u00e9sente Tanjiro, Nezuko, Zenitsu et Inosuke et un fond qui change d&rsquo;apparence lorsqu&rsquo;il est chauff\u00e9 pour r\u00e9v\u00e9ler des motifs inspir\u00e9s de l&rsquo;esth\u00e9tique de chaque personnage. Caract\u00e9ristiques : &#8211; Change d&rsquo;aspect lorsque vous versez un liquide [&hellip;]<\/p>\n","protected":false},"featured_media":205471,"comment_status":"open","ping_status":"closed","template":"","meta":[],"product_cat":[17,24],"product_tag":[],"aioseo_notices":[],"jetpack_sharing_enabled":true,"_links":{"self":[{"href":"https:\/\/pop-co.fr\/index.php\/wp-json\/wp\/v2\/product\/4228"}],"collection":[{"href":"https:\/\/pop-co.fr\/index.php\/wp-json\/wp\/v2\/product"}],"about":[{"href":"https:\/\/pop-co.fr\/index.php\/wp-json\/wp\/v2\/types\/product"}],"replies":[{"embeddable":true,"href":"https:\/\/pop-co.fr\/index.php\/wp-json\/wp\/v2\/comments?post=4228"}],"version-history":[{"count":0,"href":"https:\/\/pop-co.fr\/index.php\/wp-json\/wp\/v2\/product\/4228\/revisions"}],"wp:featuredmedia":[{"embeddable":true,"href":"https:\/\/pop-co.fr\/index.php\/wp-json\/wp\/v2\/media\/205471"}],"wp:attachment":[{"href":"https:\/\/pop-co.fr\/index.php\/wp-json\/wp\/v2\/media?parent=4228"}],"wp:term":[{"taxonomy":"product_cat","embeddable":true,"href":"https:\/\/pop-co.fr\/index.php\/wp-json\/wp\/v2\/product_cat?post=4228"},{"taxonomy":"product_tag","embeddable":true,"href":"https:\/\/pop-co.fr\/index.php\/wp-json\/wp\/v2\/product_tag?post=4228"}],"curies":[{"name":"wp","href":"https:\/\/api.w.org\/{rel}","templated":true}]}}