{"id":4270,"date":"2024-02-20T18:44:43","date_gmt":"2024-02-20T17:44:43","guid":{"rendered":"https:\/\/pop-co.fr\/index.php\/product\/mug-3d-dragon-ball-shenron-et-boules-de-cristal\/"},"modified":"2024-02-20T18:44:44","modified_gmt":"2024-02-20T17:44:44","slug":"mug-3d-dragon-ball-shenron-et-boules-de-cristal","status":"publish","type":"product","link":"https:\/\/pop-co.fr\/index.php\/product\/mug-3d-dragon-ball-shenron-et-boules-de-cristal\/","title":{"rendered":"MUG 3D &#8211; DRAGON BALL &#8211; Shenron et Boules de cristal"},"content":{"rendered":"<p>Les 7 boules de cristal ont \u00e9t\u00e9 r\u00e9unies, Shenron se manifeste sur ce mug 3D Dragon Ball par ABYstyle avec la c\u00e9l\u00e8bre boule de cristal \u00e0 4 \u00e9toiles en 3D sur la anse. <\/p>\n<p>&#8211; Contenance : 460 ml.<br \/>\n&#8211; Mati\u00e8re : c\u00e9ramique.<br \/>\n&#8211; Ne passe pas au micro-ondes ou au lave-vaisselle.<\/p>\n","protected":false},"excerpt":{"rendered":"<p>Les 7 boules de cristal ont \u00e9t\u00e9 r\u00e9unies, Shenron se manifeste sur ce mug 3D Dragon Ball par ABYstyle avec la c\u00e9l\u00e8bre boule de cristal \u00e0 4 \u00e9toiles en 3D sur la anse. &#8211; Contenance : 460 ml. &#8211; Mati\u00e8re : c\u00e9ramique. &#8211; Ne passe pas au micro-ondes ou au lave-vaisselle.<\/p>\n","protected":false},"featured_media":4266,"comment_status":"open","ping_status":"closed","template":"","meta":[],"product_cat":[17,23],"product_tag":[],"aioseo_notices":[],"jetpack_sharing_enabled":true,"_links":{"self":[{"href":"https:\/\/pop-co.fr\/index.php\/wp-json\/wp\/v2\/product\/4270"}],"collection":[{"href":"https:\/\/pop-co.fr\/index.php\/wp-json\/wp\/v2\/product"}],"about":[{"href":"https:\/\/pop-co.fr\/index.php\/wp-json\/wp\/v2\/types\/product"}],"replies":[{"embeddable":true,"href":"https:\/\/pop-co.fr\/index.php\/wp-json\/wp\/v2\/comments?post=4270"}],"version-history":[{"count":0,"href":"https:\/\/pop-co.fr\/index.php\/wp-json\/wp\/v2\/product\/4270\/revisions"}],"wp:featuredmedia":[{"embeddable":true,"href":"https:\/\/pop-co.fr\/index.php\/wp-json\/wp\/v2\/media\/4266"}],"wp:attachment":[{"href":"https:\/\/pop-co.fr\/index.php\/wp-json\/wp\/v2\/media?parent=4270"}],"wp:term":[{"taxonomy":"product_cat","embeddable":true,"href":"https:\/\/pop-co.fr\/index.php\/wp-json\/wp\/v2\/product_cat?post=4270"},{"taxonomy":"product_tag","embeddable":true,"href":"https:\/\/pop-co.fr\/index.php\/wp-json\/wp\/v2\/product_tag?post=4270"}],"curies":[{"name":"wp","href":"https:\/\/api.w.org\/{rel}","templated":true}]}}