{"id":4280,"date":"2024-02-20T18:44:53","date_gmt":"2024-02-20T17:44:53","guid":{"rendered":"https:\/\/pop-co.fr\/index.php\/product\/mug-demon-slayer-piliers\/"},"modified":"2024-02-20T18:44:53","modified_gmt":"2024-02-20T17:44:53","slug":"mug-demon-slayer-piliers","status":"publish","type":"product","link":"https:\/\/pop-co.fr\/index.php\/product\/mug-demon-slayer-piliers\/","title":{"rendered":"MUG &#8211; DEMON SLAYER &#8211; Piliers"},"content":{"rendered":"<p>Consid\u00e9r\u00e9s comme les plus forts combattants des pourfendeurs de d\u00e9mon, les piliers sont un mod\u00e8le pour tout pourfendeur de rang inf\u00e9rieur et ils sont tous pr\u00e9sent sur ce mug Demon Slayer par ABYstyle ! Maitrisant chacun un souffle diff\u00e9rent, leur but est le m\u00eame : battre Muzan et \u00e9radiquer les d\u00e9mons ! <\/p>\n<p>&#8211; Mug en c\u00e9ramique de haute qualit\u00e9. Contenance standard (320 ml)<br \/>\n&#8211; Packaging : bo\u00eete cartonn\u00e9e noire permettant de prot\u00e9ger le mug tout en assurant une visibilit\u00e9 \u00e0 360\u00b0<br \/>\n&#8211; Convient aux micro-ondes et lave-vaisselle.<\/p>\n","protected":false},"excerpt":{"rendered":"<p>Consid\u00e9r\u00e9s comme les plus forts combattants des pourfendeurs de d\u00e9mon, les piliers sont un mod\u00e8le pour tout pourfendeur de rang inf\u00e9rieur et ils sont tous pr\u00e9sent sur ce mug Demon Slayer par ABYstyle ! Maitrisant chacun un souffle diff\u00e9rent, leur but est le m\u00eame : battre Muzan et \u00e9radiquer les d\u00e9mons ! &#8211; Mug en [&hellip;]<\/p>\n","protected":false},"featured_media":4276,"comment_status":"open","ping_status":"closed","template":"","meta":[],"product_cat":[17,24],"product_tag":[],"aioseo_notices":[],"jetpack_sharing_enabled":true,"_links":{"self":[{"href":"https:\/\/pop-co.fr\/index.php\/wp-json\/wp\/v2\/product\/4280"}],"collection":[{"href":"https:\/\/pop-co.fr\/index.php\/wp-json\/wp\/v2\/product"}],"about":[{"href":"https:\/\/pop-co.fr\/index.php\/wp-json\/wp\/v2\/types\/product"}],"replies":[{"embeddable":true,"href":"https:\/\/pop-co.fr\/index.php\/wp-json\/wp\/v2\/comments?post=4280"}],"version-history":[{"count":0,"href":"https:\/\/pop-co.fr\/index.php\/wp-json\/wp\/v2\/product\/4280\/revisions"}],"wp:featuredmedia":[{"embeddable":true,"href":"https:\/\/pop-co.fr\/index.php\/wp-json\/wp\/v2\/media\/4276"}],"wp:attachment":[{"href":"https:\/\/pop-co.fr\/index.php\/wp-json\/wp\/v2\/media?parent=4280"}],"wp:term":[{"taxonomy":"product_cat","embeddable":true,"href":"https:\/\/pop-co.fr\/index.php\/wp-json\/wp\/v2\/product_cat?post=4280"},{"taxonomy":"product_tag","embeddable":true,"href":"https:\/\/pop-co.fr\/index.php\/wp-json\/wp\/v2\/product_tag?post=4280"}],"curies":[{"name":"wp","href":"https:\/\/api.w.org\/{rel}","templated":true}]}}