{"id":4302,"date":"2024-02-20T18:45:16","date_gmt":"2024-02-20T17:45:16","guid":{"rendered":"https:\/\/pop-co.fr\/index.php\/product\/mug-xl-chi-chi-gourmande\/"},"modified":"2024-02-20T18:45:16","modified_gmt":"2024-02-20T17:45:16","slug":"mug-xl-chi-chi-gourmande","status":"publish","type":"product","link":"https:\/\/pop-co.fr\/index.php\/product\/mug-xl-chi-chi-gourmande\/","title":{"rendered":"MUG XL &#8211; CHI &#8211; Chi gourmande"},"content":{"rendered":"<p>Miam, un d\u00e9licieux g\u00e2teau, Chi est pr\u00eate \u00e0 le d\u00e9vorer sur ce superbe mug par ABYstyle. <\/p>\n<p>&#8211; Grande contenance (460 ml).<br \/>\n&#8211; Tenue d&rsquo;impression exceptionnelle, compatible lave-vaisselle.<br \/>\n&#8211; Compatible micro-ondes<br \/>\n&#8211; Mati\u00e8re c\u00e9ramique<br \/>\n&#8211; Packaging : bo\u00eete PVC cristal permettant de prot\u00e9ger le mug tout en assurant une visibilit\u00e9 \u00e0 360\u00b0.<\/p>\n","protected":false},"excerpt":{"rendered":"<p>Miam, un d\u00e9licieux g\u00e2teau, Chi est pr\u00eate \u00e0 le d\u00e9vorer sur ce superbe mug par ABYstyle. &#8211; Grande contenance (460 ml). &#8211; Tenue d&rsquo;impression exceptionnelle, compatible lave-vaisselle. &#8211; Compatible micro-ondes &#8211; Mati\u00e8re c\u00e9ramique &#8211; Packaging : bo\u00eete PVC cristal permettant de prot\u00e9ger le mug tout en assurant une visibilit\u00e9 \u00e0 360\u00b0.<\/p>\n","protected":false},"featured_media":4299,"comment_status":"open","ping_status":"closed","template":"","meta":[],"product_cat":[18,17],"product_tag":[],"aioseo_notices":[],"jetpack_sharing_enabled":true,"_links":{"self":[{"href":"https:\/\/pop-co.fr\/index.php\/wp-json\/wp\/v2\/product\/4302"}],"collection":[{"href":"https:\/\/pop-co.fr\/index.php\/wp-json\/wp\/v2\/product"}],"about":[{"href":"https:\/\/pop-co.fr\/index.php\/wp-json\/wp\/v2\/types\/product"}],"replies":[{"embeddable":true,"href":"https:\/\/pop-co.fr\/index.php\/wp-json\/wp\/v2\/comments?post=4302"}],"version-history":[{"count":0,"href":"https:\/\/pop-co.fr\/index.php\/wp-json\/wp\/v2\/product\/4302\/revisions"}],"wp:featuredmedia":[{"embeddable":true,"href":"https:\/\/pop-co.fr\/index.php\/wp-json\/wp\/v2\/media\/4299"}],"wp:attachment":[{"href":"https:\/\/pop-co.fr\/index.php\/wp-json\/wp\/v2\/media?parent=4302"}],"wp:term":[{"taxonomy":"product_cat","embeddable":true,"href":"https:\/\/pop-co.fr\/index.php\/wp-json\/wp\/v2\/product_cat?post=4302"},{"taxonomy":"product_tag","embeddable":true,"href":"https:\/\/pop-co.fr\/index.php\/wp-json\/wp\/v2\/product_tag?post=4302"}],"curies":[{"name":"wp","href":"https:\/\/api.w.org\/{rel}","templated":true}]}}