{"id":4363,"date":"2024-02-20T18:47:42","date_gmt":"2024-02-20T17:47:42","guid":{"rendered":"https:\/\/pop-co.fr\/index.php\/product\/coffret-wednesday-carnet-stylo\/"},"modified":"2025-07-29T11:13:23","modified_gmt":"2025-07-29T09:13:23","slug":"coffret-wednesday-carnet-stylo","status":"publish","type":"product","link":"https:\/\/pop-co.fr\/index.php\/product\/coffret-wednesday-carnet-stylo\/","title":{"rendered":"COFFRET &#8211; WEDNESDAY &#8211; Carnet + stylo"},"content":{"rendered":"<p>Petit sac \u00e0 main avec un seul compartiment et fermeture zipp\u00e9e. Doublure int\u00e9rieure et anneau pour attacher au sac.rnDimensionsrn4,50 x 12,50 x 9,50 cmrnPoids netrn0,09rnVolumern0,5rnCompositionrnTPU<\/p>\n","protected":false},"excerpt":{"rendered":"<p>Petit sac \u00e0 main avec un seul compartiment et fermeture zipp\u00e9e. Doublure int\u00e9rieure et anneau pour attacher au sac.rnDimensionsrn4,50 x 12,50 x 9,50 cmrnPoids netrn0,09rnVolumern0,5rnCompositionrnTPU<\/p>\n","protected":false},"featured_media":356106,"comment_status":"open","ping_status":"closed","template":"","meta":[],"product_cat":[39,64],"product_tag":[],"aioseo_notices":[],"jetpack_sharing_enabled":true,"_links":{"self":[{"href":"https:\/\/pop-co.fr\/index.php\/wp-json\/wp\/v2\/product\/4363"}],"collection":[{"href":"https:\/\/pop-co.fr\/index.php\/wp-json\/wp\/v2\/product"}],"about":[{"href":"https:\/\/pop-co.fr\/index.php\/wp-json\/wp\/v2\/types\/product"}],"replies":[{"embeddable":true,"href":"https:\/\/pop-co.fr\/index.php\/wp-json\/wp\/v2\/comments?post=4363"}],"version-history":[{"count":0,"href":"https:\/\/pop-co.fr\/index.php\/wp-json\/wp\/v2\/product\/4363\/revisions"}],"wp:featuredmedia":[{"embeddable":true,"href":"https:\/\/pop-co.fr\/index.php\/wp-json\/wp\/v2\/media\/356106"}],"wp:attachment":[{"href":"https:\/\/pop-co.fr\/index.php\/wp-json\/wp\/v2\/media?parent=4363"}],"wp:term":[{"taxonomy":"product_cat","embeddable":true,"href":"https:\/\/pop-co.fr\/index.php\/wp-json\/wp\/v2\/product_cat?post=4363"},{"taxonomy":"product_tag","embeddable":true,"href":"https:\/\/pop-co.fr\/index.php\/wp-json\/wp\/v2\/product_tag?post=4363"}],"curies":[{"name":"wp","href":"https:\/\/api.w.org\/{rel}","templated":true}]}}