{"id":4386,"date":"2024-02-20T18:48:05","date_gmt":"2024-02-20T17:48:05","guid":{"rendered":"https:\/\/pop-co.fr\/index.php\/product\/journal-intime-disney-mickey-mouse\/"},"modified":"2025-07-29T11:13:09","modified_gmt":"2025-07-29T09:13:09","slug":"journal-intime-disney-mickey-mouse","status":"publish","type":"product","link":"https:\/\/pop-co.fr\/index.php\/product\/journal-intime-disney-mickey-mouse\/","title":{"rendered":"JOURNAL INTIME &#8211; DISNEY &#8211; Mickey Mouse"},"content":{"rendered":"<p>Journal \u00e0 couverture rigide avec fermeture \u00e0 cadenas Karactermania est l&rsquo;une des soci\u00e9t\u00e9s de licence les plus importantes en Europe. Nous fabriquons et distribuons les marques et personnages les plus aim\u00e9s et les plus populaires depuis plus de 20 ans : dessins anim\u00e9s, stars de cin\u00e9ma, stars de la musique, s\u00e9ries t\u00e9l\u00e9vis\u00e9es et sports.<br \/>\nDimensions<br \/>\n1,80 x 14,80 x 19,00 cm<br \/>\nPoids net<br \/>\n0,33<\/p>\n","protected":false},"excerpt":{"rendered":"<p>Journal \u00e0 couverture rigide avec fermeture \u00e0 cadenas Karactermania est l&rsquo;une des soci\u00e9t\u00e9s de licence les plus importantes en Europe. Nous fabriquons et distribuons les marques et personnages les plus aim\u00e9s et les plus populaires depuis plus de 20 ans : dessins anim\u00e9s, stars de cin\u00e9ma, stars de la musique, s\u00e9ries t\u00e9l\u00e9vis\u00e9es et sports. Dimensions [&hellip;]<\/p>\n","protected":false},"featured_media":356098,"comment_status":"open","ping_status":"closed","template":"","meta":[],"product_cat":[29],"product_tag":[],"aioseo_notices":[],"jetpack_sharing_enabled":true,"_links":{"self":[{"href":"https:\/\/pop-co.fr\/index.php\/wp-json\/wp\/v2\/product\/4386"}],"collection":[{"href":"https:\/\/pop-co.fr\/index.php\/wp-json\/wp\/v2\/product"}],"about":[{"href":"https:\/\/pop-co.fr\/index.php\/wp-json\/wp\/v2\/types\/product"}],"replies":[{"embeddable":true,"href":"https:\/\/pop-co.fr\/index.php\/wp-json\/wp\/v2\/comments?post=4386"}],"version-history":[{"count":0,"href":"https:\/\/pop-co.fr\/index.php\/wp-json\/wp\/v2\/product\/4386\/revisions"}],"wp:featuredmedia":[{"embeddable":true,"href":"https:\/\/pop-co.fr\/index.php\/wp-json\/wp\/v2\/media\/356098"}],"wp:attachment":[{"href":"https:\/\/pop-co.fr\/index.php\/wp-json\/wp\/v2\/media?parent=4386"}],"wp:term":[{"taxonomy":"product_cat","embeddable":true,"href":"https:\/\/pop-co.fr\/index.php\/wp-json\/wp\/v2\/product_cat?post=4386"},{"taxonomy":"product_tag","embeddable":true,"href":"https:\/\/pop-co.fr\/index.php\/wp-json\/wp\/v2\/product_tag?post=4386"}],"curies":[{"name":"wp","href":"https:\/\/api.w.org\/{rel}","templated":true}]}}