{"id":4401,"date":"2024-02-20T18:49:21","date_gmt":"2024-02-20T17:49:21","guid":{"rendered":"https:\/\/pop-co.fr\/index.php\/product\/savon-disney-pampan-bambi\/"},"modified":"2025-07-29T11:13:05","modified_gmt":"2025-07-29T09:13:05","slug":"savon-disney-pampan-bambi","status":"publish","type":"product","link":"https:\/\/pop-co.fr\/index.php\/product\/savon-disney-pampan-bambi\/","title":{"rendered":"SAVON &#8211; DISNEY &#8211; Panpan (Bambi)"},"content":{"rendered":"<p>Impr\u00e9gnez-vous de la beaut\u00e9 de Bambi gr\u00e2ce \u00e0 notre toute derni\u00e8re collection intemporelle de douceurs. Des fleurs vintage et des \u0153uvres d&rsquo;art classiques issues des archives Disney sont soigneusement s\u00e9lectionn\u00e9es dans une gamme de formats \u00e0 succ\u00e8s et de coffrets ultra cadeaux. Rafra\u00eechissez-vous sous la douche avec cet adorable savon sur corde inspir\u00e9 de Thumper au magnifique parfum de fleurs sauvages.<\/p>\n","protected":false},"excerpt":{"rendered":"<p>Impr\u00e9gnez-vous de la beaut\u00e9 de Bambi gr\u00e2ce \u00e0 notre toute derni\u00e8re collection intemporelle de douceurs. Des fleurs vintage et des \u0153uvres d&rsquo;art classiques issues des archives Disney sont soigneusement s\u00e9lectionn\u00e9es dans une gamme de formats \u00e0 succ\u00e8s et de coffrets ultra cadeaux. Rafra\u00eechissez-vous sous la douche avec cet adorable savon sur corde inspir\u00e9 de Thumper [&hellip;]<\/p>\n","protected":false},"featured_media":356095,"comment_status":"open","ping_status":"closed","template":"","meta":[],"product_cat":[29],"product_tag":[],"aioseo_notices":[],"jetpack_sharing_enabled":true,"_links":{"self":[{"href":"https:\/\/pop-co.fr\/index.php\/wp-json\/wp\/v2\/product\/4401"}],"collection":[{"href":"https:\/\/pop-co.fr\/index.php\/wp-json\/wp\/v2\/product"}],"about":[{"href":"https:\/\/pop-co.fr\/index.php\/wp-json\/wp\/v2\/types\/product"}],"replies":[{"embeddable":true,"href":"https:\/\/pop-co.fr\/index.php\/wp-json\/wp\/v2\/comments?post=4401"}],"version-history":[{"count":0,"href":"https:\/\/pop-co.fr\/index.php\/wp-json\/wp\/v2\/product\/4401\/revisions"}],"wp:featuredmedia":[{"embeddable":true,"href":"https:\/\/pop-co.fr\/index.php\/wp-json\/wp\/v2\/media\/356095"}],"wp:attachment":[{"href":"https:\/\/pop-co.fr\/index.php\/wp-json\/wp\/v2\/media?parent=4401"}],"wp:term":[{"taxonomy":"product_cat","embeddable":true,"href":"https:\/\/pop-co.fr\/index.php\/wp-json\/wp\/v2\/product_cat?post=4401"},{"taxonomy":"product_tag","embeddable":true,"href":"https:\/\/pop-co.fr\/index.php\/wp-json\/wp\/v2\/product_tag?post=4401"}],"curies":[{"name":"wp","href":"https:\/\/api.w.org\/{rel}","templated":true}]}}