{"id":4410,"date":"2024-02-20T18:49:29","date_gmt":"2024-02-20T17:49:29","guid":{"rendered":"https:\/\/pop-co.fr\/index.php\/product\/bougie-disney-fee-clochette-peter-pan\/"},"modified":"2025-06-28T13:44:14","modified_gmt":"2025-06-28T11:44:14","slug":"bougie-disney-fee-clochette-peter-pan","status":"publish","type":"product","link":"https:\/\/pop-co.fr\/index.php\/product\/bougie-disney-fee-clochette-peter-pan\/","title":{"rendered":"BOUGIE &#8211; DISNEY &#8211; F\u00e9e clochette (Peter Pan)"},"content":{"rendered":"<p>La bougie parfum\u00e9e Disney Clochette \u201cPoussi\u00e8re de F\u00e9e\u201d Maison Francal est l&rsquo;une des plus en vue de l\u2019univers Disney.<\/p>\n<p>Les notes olfactives de la bougie parfum\u00e9e Disney Clochette \u201cPoussi\u00e8re de F\u00e9e\u201d \u00e0 l\u2019effigie de cette h\u00e9ro\u00efne lumineuse adul\u00e9e par beaucoup, ont \u00e9t\u00e9 s\u00e9lectionn\u00e9es pour nous plonger dans l\u2019univers du conte. Son parfum floral de Jasmin et de Muguet aux d\u00e9licieuses \u201cclochettes\u201d parfum\u00e9es vous ouvre directement les portes du pays imaginaire.<\/p>\n<p>Une fois \u00e9clair\u00e9e, elle vous fera, grands (enfants) ou petits, doucement basculer dans le monde f\u00e9\u00e9rique et spontan\u00e9 de l\u2019enfance.<\/p>\n<p>Avec sa cire 100% v\u00e9g\u00e9tale \u00e0 base d\u2019huile de colza et de coco, sans OGM, sans paraffine, sans additif, 100% made in France, le parfum de la bougie Disney Clochette \u201cPoussi\u00e8re de F\u00e9e\u201d est \u00e9labor\u00e9 \u00e0 Grasse par un \u201cNez\u201d.<\/p>\n<p>Ce produit de luxe s\u2019invite chez vous pour une combustion de 50\/60h en moyenne. La bougie termin\u00e9e, il n\u2019y aura plus de cire dans le verre vous pourrez alors lui donner une seconde vie : pot \u00e0 bijoux, \u00e0 fleurs\u2026<\/p>\n","protected":false},"excerpt":{"rendered":"<p>La bougie parfum\u00e9e Disney Clochette \u201cPoussi\u00e8re de F\u00e9e\u201d Maison Francal est l&rsquo;une des plus en vue de l\u2019univers Disney. Les notes olfactives de la bougie parfum\u00e9e Disney Clochette \u201cPoussi\u00e8re de F\u00e9e\u201d \u00e0 l\u2019effigie de cette h\u00e9ro\u00efne lumineuse adul\u00e9e par beaucoup, ont \u00e9t\u00e9 s\u00e9lectionn\u00e9es pour nous plonger dans l\u2019univers du conte. Son parfum floral de Jasmin [&hellip;]<\/p>\n","protected":false},"featured_media":150292,"comment_status":"open","ping_status":"closed","template":"","meta":[],"product_cat":[29],"product_tag":[],"aioseo_notices":[],"jetpack_sharing_enabled":true,"_links":{"self":[{"href":"https:\/\/pop-co.fr\/index.php\/wp-json\/wp\/v2\/product\/4410"}],"collection":[{"href":"https:\/\/pop-co.fr\/index.php\/wp-json\/wp\/v2\/product"}],"about":[{"href":"https:\/\/pop-co.fr\/index.php\/wp-json\/wp\/v2\/types\/product"}],"replies":[{"embeddable":true,"href":"https:\/\/pop-co.fr\/index.php\/wp-json\/wp\/v2\/comments?post=4410"}],"version-history":[{"count":0,"href":"https:\/\/pop-co.fr\/index.php\/wp-json\/wp\/v2\/product\/4410\/revisions"}],"wp:featuredmedia":[{"embeddable":true,"href":"https:\/\/pop-co.fr\/index.php\/wp-json\/wp\/v2\/media\/150292"}],"wp:attachment":[{"href":"https:\/\/pop-co.fr\/index.php\/wp-json\/wp\/v2\/media?parent=4410"}],"wp:term":[{"taxonomy":"product_cat","embeddable":true,"href":"https:\/\/pop-co.fr\/index.php\/wp-json\/wp\/v2\/product_cat?post=4410"},{"taxonomy":"product_tag","embeddable":true,"href":"https:\/\/pop-co.fr\/index.php\/wp-json\/wp\/v2\/product_tag?post=4410"}],"curies":[{"name":"wp","href":"https:\/\/api.w.org\/{rel}","templated":true}]}}