{"id":4578,"date":"2024-02-20T18:54:54","date_gmt":"2024-02-20T17:54:54","guid":{"rendered":"https:\/\/pop-co.fr\/index.php\/product\/baguettes-couverts-ghibli-mei-et-totoro\/"},"modified":"2025-06-28T13:48:42","modified_gmt":"2025-06-28T11:48:42","slug":"baguettes-couverts-ghibli-mei-et-totoro","status":"publish","type":"product","link":"https:\/\/pop-co.fr\/index.php\/product\/baguettes-couverts-ghibli-mei-et-totoro\/","title":{"rendered":"BAGUETTES + COUVERTS &#8211; GHIBLI &#8211; Mei et Totoro"},"content":{"rendered":"<p>Mesure : 198\u00d776\u00d717mm<br \/>\nPoids : 150gr<br \/>\nMat\u00e9riau : ABS &#8211; Metal<\/p>\n","protected":false},"excerpt":{"rendered":"<p>Mesure : 198\u00d776\u00d717mm Poids : 150gr Mat\u00e9riau : ABS &#8211; Metal<\/p>\n","protected":false},"featured_media":150350,"comment_status":"open","ping_status":"closed","template":"","meta":[],"product_cat":[17,19],"product_tag":[],"aioseo_notices":[],"jetpack_sharing_enabled":true,"_links":{"self":[{"href":"https:\/\/pop-co.fr\/index.php\/wp-json\/wp\/v2\/product\/4578"}],"collection":[{"href":"https:\/\/pop-co.fr\/index.php\/wp-json\/wp\/v2\/product"}],"about":[{"href":"https:\/\/pop-co.fr\/index.php\/wp-json\/wp\/v2\/types\/product"}],"replies":[{"embeddable":true,"href":"https:\/\/pop-co.fr\/index.php\/wp-json\/wp\/v2\/comments?post=4578"}],"version-history":[{"count":0,"href":"https:\/\/pop-co.fr\/index.php\/wp-json\/wp\/v2\/product\/4578\/revisions"}],"wp:featuredmedia":[{"embeddable":true,"href":"https:\/\/pop-co.fr\/index.php\/wp-json\/wp\/v2\/media\/150350"}],"wp:attachment":[{"href":"https:\/\/pop-co.fr\/index.php\/wp-json\/wp\/v2\/media?parent=4578"}],"wp:term":[{"taxonomy":"product_cat","embeddable":true,"href":"https:\/\/pop-co.fr\/index.php\/wp-json\/wp\/v2\/product_cat?post=4578"},{"taxonomy":"product_tag","embeddable":true,"href":"https:\/\/pop-co.fr\/index.php\/wp-json\/wp\/v2\/product_tag?post=4578"}],"curies":[{"name":"wp","href":"https:\/\/api.w.org\/{rel}","templated":true}]}}