{"id":4587,"date":"2024-02-20T18:55:04","date_gmt":"2024-02-20T17:55:04","guid":{"rendered":"https:\/\/pop-co.fr\/index.php\/product\/jeu-de-cartes-spy-x-family-le-jeu-de-cartes-officiel\/"},"modified":"2024-02-20T18:55:04","modified_gmt":"2024-02-20T17:55:04","slug":"jeu-de-cartes-spy-x-family-le-jeu-de-cartes-officiel","status":"publish","type":"product","link":"https:\/\/pop-co.fr\/index.php\/product\/jeu-de-cartes-spy-x-family-le-jeu-de-cartes-officiel\/","title":{"rendered":"JEU DE CARTES &#8211; SPY X FAMILY &#8211; Le jeu de cartes officiel"},"content":{"rendered":"<p>Bienvenue dans la famille Forger !<br \/>\nD\u00e9barrasse-toi vite de toutes tes cartes pour devenir le grand gagnant. C\u2019est simple, tu peux poser une carte du m\u00eame personnage ou de la m\u00eame couleur.<br \/>\nMais attention, certaines cartes sont des cartes sp\u00e9ciales ! Franky Franklin, Damian Desmond, Sylvia Sherwood et m\u00eame Anya Forger et son chien Bond peuvent renverser la partie avec leurs comp\u00e9tences\u2026 Sois prudent et malin pour remporter la victoire !<\/p>\n<p>Un jeu de 50 cartes.<br \/>\n2 \u00e0 5 joueurs.<br \/>\nA partir de 6 ans.<br \/>\nParties de 15 minutes.<\/p>\n","protected":false},"excerpt":{"rendered":"<p>Bienvenue dans la famille Forger ! D\u00e9barrasse-toi vite de toutes tes cartes pour devenir le grand gagnant. C\u2019est simple, tu peux poser une carte du m\u00eame personnage ou de la m\u00eame couleur. Mais attention, certaines cartes sont des cartes sp\u00e9ciales ! Franky Franklin, Damian Desmond, Sylvia Sherwood et m\u00eame Anya Forger et son chien Bond [&hellip;]<\/p>\n","protected":false},"featured_media":4586,"comment_status":"open","ping_status":"closed","template":"","meta":[],"product_cat":[17,18],"product_tag":[],"aioseo_notices":[],"jetpack_sharing_enabled":true,"_links":{"self":[{"href":"https:\/\/pop-co.fr\/index.php\/wp-json\/wp\/v2\/product\/4587"}],"collection":[{"href":"https:\/\/pop-co.fr\/index.php\/wp-json\/wp\/v2\/product"}],"about":[{"href":"https:\/\/pop-co.fr\/index.php\/wp-json\/wp\/v2\/types\/product"}],"replies":[{"embeddable":true,"href":"https:\/\/pop-co.fr\/index.php\/wp-json\/wp\/v2\/comments?post=4587"}],"version-history":[{"count":0,"href":"https:\/\/pop-co.fr\/index.php\/wp-json\/wp\/v2\/product\/4587\/revisions"}],"wp:featuredmedia":[{"embeddable":true,"href":"https:\/\/pop-co.fr\/index.php\/wp-json\/wp\/v2\/media\/4586"}],"wp:attachment":[{"href":"https:\/\/pop-co.fr\/index.php\/wp-json\/wp\/v2\/media?parent=4587"}],"wp:term":[{"taxonomy":"product_cat","embeddable":true,"href":"https:\/\/pop-co.fr\/index.php\/wp-json\/wp\/v2\/product_cat?post=4587"},{"taxonomy":"product_tag","embeddable":true,"href":"https:\/\/pop-co.fr\/index.php\/wp-json\/wp\/v2\/product_tag?post=4587"}],"curies":[{"name":"wp","href":"https:\/\/api.w.org\/{rel}","templated":true}]}}