{"id":4622,"date":"2024-02-20T18:55:40","date_gmt":"2024-02-20T17:55:40","guid":{"rendered":"https:\/\/pop-co.fr\/index.php\/product\/aot-titan-cuirasse-figurine-16cm\/"},"modified":"2025-06-28T13:49:39","modified_gmt":"2025-06-28T11:49:39","slug":"aot-titan-cuirasse-figurine-16cm","status":"publish","type":"product","link":"https:\/\/pop-co.fr\/index.php\/product\/aot-titan-cuirasse-figurine-16cm\/","title":{"rendered":"AOT &#8211; Titan cuirass\u00e9 &#8211; Figurine 16cm"},"content":{"rendered":"<p>Figurine 16cm<br \/>\nComposition : PVC<\/p>\n<p>POP UP PARADE est une s\u00e9rie de figurines faciles \u00e0 collectionner avec des prix abordables et des sorties rapides ! Chaque figurine mesure g\u00e9n\u00e9ralement entre 17 et 18 cm (6,69-7,08in) de haut et la s\u00e9rie comprend une vaste s\u00e9lection de personnages issus de s\u00e9ries anim\u00e9es et de jeux populaires, et bien d&rsquo;autres seront ajout\u00e9s prochainement !<\/p>\n<p>Sculpteur : Yuyu<\/p>\n<p>Sp\u00e9cifications :<\/p>\n<p>Produit complet en plastique peint, sans \u00e9chelle, avec support inclus. Environ 160 mm (6,29 pouces) de hauteur.<\/p>\n","protected":false},"excerpt":{"rendered":"<p>Figurine 16cm Composition : PVC POP UP PARADE est une s\u00e9rie de figurines faciles \u00e0 collectionner avec des prix abordables et des sorties rapides ! Chaque figurine mesure g\u00e9n\u00e9ralement entre 17 et 18 cm (6,69-7,08in) de haut et la s\u00e9rie comprend une vaste s\u00e9lection de personnages issus de s\u00e9ries anim\u00e9es et de jeux populaires, et [&hellip;]<\/p>\n","protected":false},"featured_media":198227,"comment_status":"open","ping_status":"closed","template":"","meta":[],"product_cat":[25,17],"product_tag":[],"aioseo_notices":[],"jetpack_sharing_enabled":true,"_links":{"self":[{"href":"https:\/\/pop-co.fr\/index.php\/wp-json\/wp\/v2\/product\/4622"}],"collection":[{"href":"https:\/\/pop-co.fr\/index.php\/wp-json\/wp\/v2\/product"}],"about":[{"href":"https:\/\/pop-co.fr\/index.php\/wp-json\/wp\/v2\/types\/product"}],"replies":[{"embeddable":true,"href":"https:\/\/pop-co.fr\/index.php\/wp-json\/wp\/v2\/comments?post=4622"}],"version-history":[{"count":0,"href":"https:\/\/pop-co.fr\/index.php\/wp-json\/wp\/v2\/product\/4622\/revisions"}],"wp:featuredmedia":[{"embeddable":true,"href":"https:\/\/pop-co.fr\/index.php\/wp-json\/wp\/v2\/media\/198227"}],"wp:attachment":[{"href":"https:\/\/pop-co.fr\/index.php\/wp-json\/wp\/v2\/media?parent=4622"}],"wp:term":[{"taxonomy":"product_cat","embeddable":true,"href":"https:\/\/pop-co.fr\/index.php\/wp-json\/wp\/v2\/product_cat?post=4622"},{"taxonomy":"product_tag","embeddable":true,"href":"https:\/\/pop-co.fr\/index.php\/wp-json\/wp\/v2\/product_tag?post=4622"}],"curies":[{"name":"wp","href":"https:\/\/api.w.org\/{rel}","templated":true}]}}