{"id":4682,"date":"2024-02-20T18:56:45","date_gmt":"2024-02-20T17:56:45","guid":{"rendered":"https:\/\/pop-co.fr\/index.php\/product\/one-piece-pop-n400-dq-doflamingo\/"},"modified":"2025-06-28T13:50:02","modified_gmt":"2025-06-28T11:50:02","slug":"one-piece-pop-n400-dq-doflamingo","status":"publish","type":"product","link":"https:\/\/pop-co.fr\/index.php\/product\/one-piece-pop-n400-dq-doflamingo\/","title":{"rendered":"ONE PIECE &#8211; POP N\u00b0400 DQ Doflamingo"},"content":{"rendered":"<p>Tout droit sorti de la mer bleue de l&rsquo;Est, voici la nouvelle vague de figurines en vinyle One Piece Pop ! Vinyle de Funko !<\/p>\n<p>One Piece est une s\u00e9rie manga japonaise qui met en sc\u00e8ne Monkey D. Luffy, un jeune homme qui, inspir\u00e9 par son idole d&rsquo;enfance, le puissant pirate \u00ab\u00a0Red Haired\u00a0\u00bb Shanks, part en voyage depuis la mer bleue de l&rsquo;Est pour trouver le c\u00e9l\u00e8bre tr\u00e9sor One Piece et se proclamer roi des pirates.<\/p>\n<p>Cette Pop ! pr\u00e9sente Donquixote Doflamingo, le capitaine des Donquixote Pirates et le plus influent des courtiers de la p\u00e8gre sous le nom de code \u00ab\u00a0Joker\u00a0\u00bb.<\/p>\n<p>Mati\u00e8re : Pvc<\/p>\n","protected":false},"excerpt":{"rendered":"<p>Tout droit sorti de la mer bleue de l&rsquo;Est, voici la nouvelle vague de figurines en vinyle One Piece Pop ! Vinyle de Funko ! One Piece est une s\u00e9rie manga japonaise qui met en sc\u00e8ne Monkey D. Luffy, un jeune homme qui, inspir\u00e9 par son idole d&rsquo;enfance, le puissant pirate \u00ab\u00a0Red Haired\u00a0\u00bb Shanks, part [&hellip;]<\/p>\n","protected":false},"featured_media":150381,"comment_status":"open","ping_status":"closed","template":"","meta":[],"product_cat":[17,22],"product_tag":[],"aioseo_notices":[],"jetpack_sharing_enabled":true,"_links":{"self":[{"href":"https:\/\/pop-co.fr\/index.php\/wp-json\/wp\/v2\/product\/4682"}],"collection":[{"href":"https:\/\/pop-co.fr\/index.php\/wp-json\/wp\/v2\/product"}],"about":[{"href":"https:\/\/pop-co.fr\/index.php\/wp-json\/wp\/v2\/types\/product"}],"replies":[{"embeddable":true,"href":"https:\/\/pop-co.fr\/index.php\/wp-json\/wp\/v2\/comments?post=4682"}],"version-history":[{"count":0,"href":"https:\/\/pop-co.fr\/index.php\/wp-json\/wp\/v2\/product\/4682\/revisions"}],"wp:featuredmedia":[{"embeddable":true,"href":"https:\/\/pop-co.fr\/index.php\/wp-json\/wp\/v2\/media\/150381"}],"wp:attachment":[{"href":"https:\/\/pop-co.fr\/index.php\/wp-json\/wp\/v2\/media?parent=4682"}],"wp:term":[{"taxonomy":"product_cat","embeddable":true,"href":"https:\/\/pop-co.fr\/index.php\/wp-json\/wp\/v2\/product_cat?post=4682"},{"taxonomy":"product_tag","embeddable":true,"href":"https:\/\/pop-co.fr\/index.php\/wp-json\/wp\/v2\/product_tag?post=4682"}],"curies":[{"name":"wp","href":"https:\/\/api.w.org\/{rel}","templated":true}]}}