{"id":4732,"date":"2024-02-20T18:58:36","date_gmt":"2024-02-20T17:58:36","guid":{"rendered":"https:\/\/pop-co.fr\/index.php\/product\/carnet-stranger-thing-personnages\/"},"modified":"2025-07-29T11:12:13","modified_gmt":"2025-07-29T09:12:13","slug":"carnet-stranger-thing-personnages","status":"publish","type":"product","link":"https:\/\/pop-co.fr\/index.php\/product\/carnet-stranger-thing-personnages\/","title":{"rendered":"CARNET &#8211; STRANGER THING &#8211; Personnages"},"content":{"rendered":"<p>Nintendo mug effet thermique Super Mario BrosrnMug (grande tasse) au d\u00e9cor imprim\u00e9 haute qualit\u00e9. rnLe d\u00e9cor se modifie quand le mug est rempli d\u00b4un liquide chaud. rnContenance 500 ml.<\/p>\n","protected":false},"excerpt":{"rendered":"<p>Nintendo mug effet thermique Super Mario BrosrnMug (grande tasse) au d\u00e9cor imprim\u00e9 haute qualit\u00e9. rnLe d\u00e9cor se modifie quand le mug est rempli d\u00b4un liquide chaud. rnContenance 500 ml.<\/p>\n","protected":false},"featured_media":356068,"comment_status":"open","ping_status":"closed","template":"","meta":[],"product_cat":[39,42],"product_tag":[],"aioseo_notices":[],"jetpack_sharing_enabled":true,"_links":{"self":[{"href":"https:\/\/pop-co.fr\/index.php\/wp-json\/wp\/v2\/product\/4732"}],"collection":[{"href":"https:\/\/pop-co.fr\/index.php\/wp-json\/wp\/v2\/product"}],"about":[{"href":"https:\/\/pop-co.fr\/index.php\/wp-json\/wp\/v2\/types\/product"}],"replies":[{"embeddable":true,"href":"https:\/\/pop-co.fr\/index.php\/wp-json\/wp\/v2\/comments?post=4732"}],"version-history":[{"count":0,"href":"https:\/\/pop-co.fr\/index.php\/wp-json\/wp\/v2\/product\/4732\/revisions"}],"wp:featuredmedia":[{"embeddable":true,"href":"https:\/\/pop-co.fr\/index.php\/wp-json\/wp\/v2\/media\/356068"}],"wp:attachment":[{"href":"https:\/\/pop-co.fr\/index.php\/wp-json\/wp\/v2\/media?parent=4732"}],"wp:term":[{"taxonomy":"product_cat","embeddable":true,"href":"https:\/\/pop-co.fr\/index.php\/wp-json\/wp\/v2\/product_cat?post=4732"},{"taxonomy":"product_tag","embeddable":true,"href":"https:\/\/pop-co.fr\/index.php\/wp-json\/wp\/v2\/product_tag?post=4732"}],"curies":[{"name":"wp","href":"https:\/\/api.w.org\/{rel}","templated":true}]}}