{"id":4786,"date":"2024-02-20T18:59:38","date_gmt":"2024-02-20T17:59:38","guid":{"rendered":"https:\/\/pop-co.fr\/index.php\/product\/porte-cles-disney-stitch-britto\/"},"modified":"2024-02-20T18:59:38","modified_gmt":"2024-02-20T17:59:38","slug":"porte-cles-disney-stitch-britto","status":"publish","type":"product","link":"https:\/\/pop-co.fr\/index.php\/product\/porte-cles-disney-stitch-britto\/","title":{"rendered":"PORTE CLES &#8211; DISNEY &#8211; Stitch (Britto)"},"content":{"rendered":"<p>Porte-cl\u00e9s Disney &#038; Britto<br \/>\nTaille : 3&#215;3,8&#215;14 cm<br \/>\nEn m\u00e9tal en forme de c\u0153ur, tons noir et blanc.<\/p>\n","protected":false},"excerpt":{"rendered":"<p>Porte-cl\u00e9s Disney &#038; Britto Taille : 3&#215;3,8&#215;14 cm En m\u00e9tal en forme de c\u0153ur, tons noir et blanc.<\/p>\n","protected":false},"featured_media":4785,"comment_status":"open","ping_status":"closed","template":"","meta":[],"product_cat":[29,30],"product_tag":[],"aioseo_notices":[],"jetpack_sharing_enabled":true,"_links":{"self":[{"href":"https:\/\/pop-co.fr\/index.php\/wp-json\/wp\/v2\/product\/4786"}],"collection":[{"href":"https:\/\/pop-co.fr\/index.php\/wp-json\/wp\/v2\/product"}],"about":[{"href":"https:\/\/pop-co.fr\/index.php\/wp-json\/wp\/v2\/types\/product"}],"replies":[{"embeddable":true,"href":"https:\/\/pop-co.fr\/index.php\/wp-json\/wp\/v2\/comments?post=4786"}],"version-history":[{"count":0,"href":"https:\/\/pop-co.fr\/index.php\/wp-json\/wp\/v2\/product\/4786\/revisions"}],"wp:featuredmedia":[{"embeddable":true,"href":"https:\/\/pop-co.fr\/index.php\/wp-json\/wp\/v2\/media\/4785"}],"wp:attachment":[{"href":"https:\/\/pop-co.fr\/index.php\/wp-json\/wp\/v2\/media?parent=4786"}],"wp:term":[{"taxonomy":"product_cat","embeddable":true,"href":"https:\/\/pop-co.fr\/index.php\/wp-json\/wp\/v2\/product_cat?post=4786"},{"taxonomy":"product_tag","embeddable":true,"href":"https:\/\/pop-co.fr\/index.php\/wp-json\/wp\/v2\/product_tag?post=4786"}],"curies":[{"name":"wp","href":"https:\/\/api.w.org\/{rel}","templated":true}]}}