{"id":48283,"date":"2024-03-12T14:03:10","date_gmt":"2024-03-12T13:03:10","guid":{"rendered":"https:\/\/pop-co.fr\/index.php\/product\/brosse-cheveux-disney-stitch-10\/"},"modified":"2025-06-28T12:59:38","modified_gmt":"2025-06-28T10:59:38","slug":"brosse-cheveux-disney-stitch-10","status":"publish","type":"product","link":"https:\/\/pop-co.fr\/index.php\/product\/brosse-cheveux-disney-stitch-10\/","title":{"rendered":"BROSSE CHEVEUX &#8211; DISNEY &#8211; Stitch"},"content":{"rendered":"<p>Stimulez votre cuir chevelu et gardez les cheveux lisses et sans enchev\u00eatrement avec cette grande brosse plate. Doux pour les m\u00e8ches mais important pour favoriser des m\u00e8ches d\u2019apparence saine.<\/p>\n","protected":false},"excerpt":{"rendered":"<p>Stimulez votre cuir chevelu et gardez les cheveux lisses et sans enchev\u00eatrement avec cette grande brosse plate. Doux pour les m\u00e8ches mais important pour favoriser des m\u00e8ches d\u2019apparence saine.<\/p>\n","protected":false},"featured_media":180396,"comment_status":"open","ping_status":"closed","template":"","meta":[],"product_cat":[29,30],"product_tag":[],"aioseo_notices":[],"jetpack_sharing_enabled":true,"_links":{"self":[{"href":"https:\/\/pop-co.fr\/index.php\/wp-json\/wp\/v2\/product\/48283"}],"collection":[{"href":"https:\/\/pop-co.fr\/index.php\/wp-json\/wp\/v2\/product"}],"about":[{"href":"https:\/\/pop-co.fr\/index.php\/wp-json\/wp\/v2\/types\/product"}],"replies":[{"embeddable":true,"href":"https:\/\/pop-co.fr\/index.php\/wp-json\/wp\/v2\/comments?post=48283"}],"version-history":[{"count":0,"href":"https:\/\/pop-co.fr\/index.php\/wp-json\/wp\/v2\/product\/48283\/revisions"}],"wp:featuredmedia":[{"embeddable":true,"href":"https:\/\/pop-co.fr\/index.php\/wp-json\/wp\/v2\/media\/180396"}],"wp:attachment":[{"href":"https:\/\/pop-co.fr\/index.php\/wp-json\/wp\/v2\/media?parent=48283"}],"wp:term":[{"taxonomy":"product_cat","embeddable":true,"href":"https:\/\/pop-co.fr\/index.php\/wp-json\/wp\/v2\/product_cat?post=48283"},{"taxonomy":"product_tag","embeddable":true,"href":"https:\/\/pop-co.fr\/index.php\/wp-json\/wp\/v2\/product_tag?post=48283"}],"curies":[{"name":"wp","href":"https:\/\/api.w.org\/{rel}","templated":true}]}}