{"id":48331,"date":"2024-03-12T14:32:06","date_gmt":"2024-03-12T13:32:06","guid":{"rendered":"https:\/\/pop-co.fr\/index.php\/product\/brosse-cheveux-disney-malefique\/"},"modified":"2025-07-29T11:48:18","modified_gmt":"2025-07-29T09:48:18","slug":"brosse-cheveux-disney-malefique","status":"publish","type":"product","link":"https:\/\/pop-co.fr\/index.php\/product\/brosse-cheveux-disney-malefique\/","title":{"rendered":"BROSSE CHEVEUX &#8211; DISNEY &#8211; Mal\u00e9fique"},"content":{"rendered":"<p>Brosse \u00e0 cheveux mal\u00e9fique des m\u00e9chants<\/p>\n","protected":false},"excerpt":{"rendered":"<p>Brosse \u00e0 cheveux mal\u00e9fique des m\u00e9chants<\/p>\n","protected":false},"featured_media":356444,"comment_status":"open","ping_status":"closed","template":"","meta":[],"product_cat":[29],"product_tag":[],"aioseo_notices":[],"jetpack_sharing_enabled":true,"_links":{"self":[{"href":"https:\/\/pop-co.fr\/index.php\/wp-json\/wp\/v2\/product\/48331"}],"collection":[{"href":"https:\/\/pop-co.fr\/index.php\/wp-json\/wp\/v2\/product"}],"about":[{"href":"https:\/\/pop-co.fr\/index.php\/wp-json\/wp\/v2\/types\/product"}],"replies":[{"embeddable":true,"href":"https:\/\/pop-co.fr\/index.php\/wp-json\/wp\/v2\/comments?post=48331"}],"version-history":[{"count":0,"href":"https:\/\/pop-co.fr\/index.php\/wp-json\/wp\/v2\/product\/48331\/revisions"}],"wp:featuredmedia":[{"embeddable":true,"href":"https:\/\/pop-co.fr\/index.php\/wp-json\/wp\/v2\/media\/356444"}],"wp:attachment":[{"href":"https:\/\/pop-co.fr\/index.php\/wp-json\/wp\/v2\/media?parent=48331"}],"wp:term":[{"taxonomy":"product_cat","embeddable":true,"href":"https:\/\/pop-co.fr\/index.php\/wp-json\/wp\/v2\/product_cat?post=48331"},{"taxonomy":"product_tag","embeddable":true,"href":"https:\/\/pop-co.fr\/index.php\/wp-json\/wp\/v2\/product_tag?post=48331"}],"curies":[{"name":"wp","href":"https:\/\/api.w.org\/{rel}","templated":true}]}}