{"id":4867,"date":"2024-02-20T19:01:07","date_gmt":"2024-02-20T18:01:07","guid":{"rendered":"https:\/\/pop-co.fr\/index.php\/product\/bitty-pop-mystere-star-wars-personnages\/"},"modified":"2025-06-28T13:52:38","modified_gmt":"2025-06-28T11:52:38","slug":"bitty-pop-mystere-star-wars-personnages","status":"publish","type":"product","link":"https:\/\/pop-co.fr\/index.php\/product\/bitty-pop-mystere-star-wars-personnages\/","title":{"rendered":"BITTY POP MYSTERE &#8211; STAR WARS &#8211; Personnages"},"content":{"rendered":"<p>*ATTENTION PRODUIT AL\u00c9ATOIRE NE POUVANT \u00caTRE RETOURN\u00c9*<\/p>\n<p>Figurine PVC taille 2,5 cm, en emballages myst\u00e8re.<\/p>\n<p>Vos Pops ! pr\u00e9f\u00e9r\u00e9s ont \u00e9t\u00e9 r\u00e9tr\u00e9cis en Bitty Pops ! \u00c9largissez votre collection Star Wars avec les figurines Bitty Pop ! repr\u00e9sentant vos h\u00e9ros et m\u00e9chants les plus appr\u00e9ci\u00e9s ! Chaque Bitty Pop ! est pr\u00e9sent\u00e9 dans un emballage myst\u00e8re et comprend une figurine \u00e0 collectionner. Qui trouveras-tu ? Il y a :<br \/>\n&#8211; Bitty Pop ! Luke Skywalker\u2122,<br \/>\n&#8211; Bitty Pop ! Obi-Wan Kenobi\u2122,<br \/>\n&#8211; Bitty Pop ! Jawa\u2122,<br \/>\n&#8211; Bitty Pop ! Princesse Leia\u2122,<br \/>\n&#8211; Bitty Pop ! R2-D2\u2122,<br \/>\n&#8211; Bitty Pop ! C-3PO\u2122,<br \/>\n&#8211; Bitty Pop ! Han Solo\u2122,<br \/>\n&#8211; Bitty Pop ! Chewbacca\u2122,<br \/>\n&#8211; Bitty Pop ! Greedo\u2122,<br \/>\n&#8211; Bitty Pop ! Darth Vader\u2122,<br \/>\n&#8211; Bitty Pop ! TIE Fighter Pilot\u2122,<br \/>\n&#8211; Bitty Pop ! Stormtrooper\u2122.<\/p>\n","protected":false},"excerpt":{"rendered":"<p>*ATTENTION PRODUIT AL\u00c9ATOIRE NE POUVANT \u00caTRE RETOURN\u00c9* Figurine PVC taille 2,5 cm, en emballages myst\u00e8re. Vos Pops ! pr\u00e9f\u00e9r\u00e9s ont \u00e9t\u00e9 r\u00e9tr\u00e9cis en Bitty Pops ! \u00c9largissez votre collection Star Wars avec les figurines Bitty Pop ! repr\u00e9sentant vos h\u00e9ros et m\u00e9chants les plus appr\u00e9ci\u00e9s ! Chaque Bitty Pop ! est pr\u00e9sent\u00e9 dans un emballage [&hellip;]<\/p>\n","protected":false},"featured_media":150445,"comment_status":"open","ping_status":"closed","template":"","meta":[],"product_cat":[43],"product_tag":[],"aioseo_notices":[],"jetpack_sharing_enabled":true,"_links":{"self":[{"href":"https:\/\/pop-co.fr\/index.php\/wp-json\/wp\/v2\/product\/4867"}],"collection":[{"href":"https:\/\/pop-co.fr\/index.php\/wp-json\/wp\/v2\/product"}],"about":[{"href":"https:\/\/pop-co.fr\/index.php\/wp-json\/wp\/v2\/types\/product"}],"replies":[{"embeddable":true,"href":"https:\/\/pop-co.fr\/index.php\/wp-json\/wp\/v2\/comments?post=4867"}],"version-history":[{"count":0,"href":"https:\/\/pop-co.fr\/index.php\/wp-json\/wp\/v2\/product\/4867\/revisions"}],"wp:featuredmedia":[{"embeddable":true,"href":"https:\/\/pop-co.fr\/index.php\/wp-json\/wp\/v2\/media\/150445"}],"wp:attachment":[{"href":"https:\/\/pop-co.fr\/index.php\/wp-json\/wp\/v2\/media?parent=4867"}],"wp:term":[{"taxonomy":"product_cat","embeddable":true,"href":"https:\/\/pop-co.fr\/index.php\/wp-json\/wp\/v2\/product_cat?post=4867"},{"taxonomy":"product_tag","embeddable":true,"href":"https:\/\/pop-co.fr\/index.php\/wp-json\/wp\/v2\/product_tag?post=4867"}],"curies":[{"name":"wp","href":"https:\/\/api.w.org\/{rel}","templated":true}]}}