{"id":4884,"date":"2024-02-20T19:01:26","date_gmt":"2024-02-20T18:01:26","guid":{"rendered":"https:\/\/pop-co.fr\/index.php\/product\/disney-botanical-alice-figurine-17cm\/"},"modified":"2025-06-28T13:52:46","modified_gmt":"2025-06-28T11:52:46","slug":"disney-botanical-alice-figurine-17cm","status":"publish","type":"product","link":"https:\/\/pop-co.fr\/index.php\/product\/disney-botanical-alice-figurine-17cm\/","title":{"rendered":"DISNEY &#8211; Botanical Alice &#8211; Figurine 17cm"},"content":{"rendered":"<p>Statuette Enesco 17cm<\/p>\n<p>C\u00e9l\u00e9brez Alice au pays des merveilles avec Alice comme on ne l&rsquo;a jamais vue auparavant. Faisant partie de la collection Disney Showcase, Alice fait parler d&rsquo;elle au Pays des Merveilles dans sa robe de th\u00e9 \u00e0 la mode. Sa robe comprend des textures de lin, des peintures iris\u00e9es et des fleurs sculpt\u00e9es en 3D pour compl\u00e9ter son look. Cette figurine est pr\u00e9sent\u00e9e dans une bo\u00eete cadeau Disney Showcase de marque. Recommand\u00e9 pour les adultes uniquement. Il ne s&rsquo;agit pas d&rsquo;un jouet.<\/p>\n","protected":false},"excerpt":{"rendered":"<p>Statuette Enesco 17cm C\u00e9l\u00e9brez Alice au pays des merveilles avec Alice comme on ne l&rsquo;a jamais vue auparavant. Faisant partie de la collection Disney Showcase, Alice fait parler d&rsquo;elle au Pays des Merveilles dans sa robe de th\u00e9 \u00e0 la mode. Sa robe comprend des textures de lin, des peintures iris\u00e9es et des fleurs sculpt\u00e9es [&hellip;]<\/p>\n","protected":false},"featured_media":150447,"comment_status":"open","ping_status":"closed","template":"","meta":[],"product_cat":[29],"product_tag":[],"aioseo_notices":[],"jetpack_sharing_enabled":true,"_links":{"self":[{"href":"https:\/\/pop-co.fr\/index.php\/wp-json\/wp\/v2\/product\/4884"}],"collection":[{"href":"https:\/\/pop-co.fr\/index.php\/wp-json\/wp\/v2\/product"}],"about":[{"href":"https:\/\/pop-co.fr\/index.php\/wp-json\/wp\/v2\/types\/product"}],"replies":[{"embeddable":true,"href":"https:\/\/pop-co.fr\/index.php\/wp-json\/wp\/v2\/comments?post=4884"}],"version-history":[{"count":0,"href":"https:\/\/pop-co.fr\/index.php\/wp-json\/wp\/v2\/product\/4884\/revisions"}],"wp:featuredmedia":[{"embeddable":true,"href":"https:\/\/pop-co.fr\/index.php\/wp-json\/wp\/v2\/media\/150447"}],"wp:attachment":[{"href":"https:\/\/pop-co.fr\/index.php\/wp-json\/wp\/v2\/media?parent=4884"}],"wp:term":[{"taxonomy":"product_cat","embeddable":true,"href":"https:\/\/pop-co.fr\/index.php\/wp-json\/wp\/v2\/product_cat?post=4884"},{"taxonomy":"product_tag","embeddable":true,"href":"https:\/\/pop-co.fr\/index.php\/wp-json\/wp\/v2\/product_tag?post=4884"}],"curies":[{"name":"wp","href":"https:\/\/api.w.org\/{rel}","templated":true}]}}