{"id":4887,"date":"2024-02-20T19:01:29","date_gmt":"2024-02-20T18:01:29","guid":{"rendered":"https:\/\/pop-co.fr\/index.php\/product\/disney-aloha-stitch-figurine-15cm\/"},"modified":"2025-07-29T11:11:55","modified_gmt":"2025-07-29T09:11:55","slug":"disney-aloha-stitch-figurine-15cm","status":"publish","type":"product","link":"https:\/\/pop-co.fr\/index.php\/product\/disney-aloha-stitch-figurine-15cm\/","title":{"rendered":"DISNEY &#8211; Aloha Stitch &#8211; Figurine 15cm"},"content":{"rendered":"<p>Statuette Enesco 15cm<\/p>\n<p>Stitch, l&rsquo;extraterrestre perturbateur de la s\u00e9rie \u00ab\u00a0Lilo et Stitch\u00a0\u00bb de Disney, prend une pose amusante dans ce mod\u00e8le artisanal, sculpt\u00e9 dans la pierre moul\u00e9e et dot\u00e9 d&rsquo;un short tr\u00e8s d\u00e9taill\u00e9. Des variations uniques sont \u00e0 pr\u00e9voir car ce produit est peint \u00e0 la main. Il ne s&rsquo;agit pas d&rsquo;un jouet ou d&rsquo;un produit pour enfants. Destin\u00e9 aux adultes uniquement.<\/p>\n","protected":false},"excerpt":{"rendered":"<p>Statuette Enesco 15cm Stitch, l&rsquo;extraterrestre perturbateur de la s\u00e9rie \u00ab\u00a0Lilo et Stitch\u00a0\u00bb de Disney, prend une pose amusante dans ce mod\u00e8le artisanal, sculpt\u00e9 dans la pierre moul\u00e9e et dot\u00e9 d&rsquo;un short tr\u00e8s d\u00e9taill\u00e9. Des variations uniques sont \u00e0 pr\u00e9voir car ce produit est peint \u00e0 la main. Il ne s&rsquo;agit pas d&rsquo;un jouet ou d&rsquo;un [&hellip;]<\/p>\n","protected":false},"featured_media":356053,"comment_status":"open","ping_status":"closed","template":"","meta":[],"product_cat":[30],"product_tag":[],"aioseo_notices":[],"jetpack_sharing_enabled":true,"_links":{"self":[{"href":"https:\/\/pop-co.fr\/index.php\/wp-json\/wp\/v2\/product\/4887"}],"collection":[{"href":"https:\/\/pop-co.fr\/index.php\/wp-json\/wp\/v2\/product"}],"about":[{"href":"https:\/\/pop-co.fr\/index.php\/wp-json\/wp\/v2\/types\/product"}],"replies":[{"embeddable":true,"href":"https:\/\/pop-co.fr\/index.php\/wp-json\/wp\/v2\/comments?post=4887"}],"version-history":[{"count":0,"href":"https:\/\/pop-co.fr\/index.php\/wp-json\/wp\/v2\/product\/4887\/revisions"}],"wp:featuredmedia":[{"embeddable":true,"href":"https:\/\/pop-co.fr\/index.php\/wp-json\/wp\/v2\/media\/356053"}],"wp:attachment":[{"href":"https:\/\/pop-co.fr\/index.php\/wp-json\/wp\/v2\/media?parent=4887"}],"wp:term":[{"taxonomy":"product_cat","embeddable":true,"href":"https:\/\/pop-co.fr\/index.php\/wp-json\/wp\/v2\/product_cat?post=4887"},{"taxonomy":"product_tag","embeddable":true,"href":"https:\/\/pop-co.fr\/index.php\/wp-json\/wp\/v2\/product_tag?post=4887"}],"curies":[{"name":"wp","href":"https:\/\/api.w.org\/{rel}","templated":true}]}}