{"id":4905,"date":"2024-02-20T19:01:49","date_gmt":"2024-02-20T18:01:49","guid":{"rendered":"https:\/\/pop-co.fr\/index.php\/product\/figma-chainsaw-man-samurai-sword\/"},"modified":"2025-07-29T11:10:59","modified_gmt":"2025-07-29T09:10:59","slug":"figma-chainsaw-man-samurai-sword","status":"publish","type":"product","link":"https:\/\/pop-co.fr\/index.php\/product\/figma-chainsaw-man-samurai-sword\/","title":{"rendered":"FIGMA &#8211; CHAINSAW MAN &#8211; Samurai Sword"},"content":{"rendered":"<p>Figurine S.H. Figuarts 17cm<\/p>\n<p>Nouvelle S.H.Figuarts tir\u00e9e de \u00ab\u00a0Chainsaw Man\u00a0\u00bb, Samurai sword sera parfait pour cr\u00e9er les sc\u00e8nes du manga. Le set comprend m\u00e2choire optionnelle et mains interchangeables.<\/p>\n","protected":false},"excerpt":{"rendered":"<p>Figurine S.H. Figuarts 17cm Nouvelle S.H.Figuarts tir\u00e9e de \u00ab\u00a0Chainsaw Man\u00a0\u00bb, Samurai sword sera parfait pour cr\u00e9er les sc\u00e8nes du manga. Le set comprend m\u00e2choire optionnelle et mains interchangeables.<\/p>\n","protected":false},"featured_media":356048,"comment_status":"open","ping_status":"closed","template":"","meta":[],"product_cat":[17,18],"product_tag":[],"aioseo_notices":[],"jetpack_sharing_enabled":true,"_links":{"self":[{"href":"https:\/\/pop-co.fr\/index.php\/wp-json\/wp\/v2\/product\/4905"}],"collection":[{"href":"https:\/\/pop-co.fr\/index.php\/wp-json\/wp\/v2\/product"}],"about":[{"href":"https:\/\/pop-co.fr\/index.php\/wp-json\/wp\/v2\/types\/product"}],"replies":[{"embeddable":true,"href":"https:\/\/pop-co.fr\/index.php\/wp-json\/wp\/v2\/comments?post=4905"}],"version-history":[{"count":0,"href":"https:\/\/pop-co.fr\/index.php\/wp-json\/wp\/v2\/product\/4905\/revisions"}],"wp:featuredmedia":[{"embeddable":true,"href":"https:\/\/pop-co.fr\/index.php\/wp-json\/wp\/v2\/media\/356048"}],"wp:attachment":[{"href":"https:\/\/pop-co.fr\/index.php\/wp-json\/wp\/v2\/media?parent=4905"}],"wp:term":[{"taxonomy":"product_cat","embeddable":true,"href":"https:\/\/pop-co.fr\/index.php\/wp-json\/wp\/v2\/product_cat?post=4905"},{"taxonomy":"product_tag","embeddable":true,"href":"https:\/\/pop-co.fr\/index.php\/wp-json\/wp\/v2\/product_tag?post=4905"}],"curies":[{"name":"wp","href":"https:\/\/api.w.org\/{rel}","templated":true}]}}