{"id":4913,"date":"2024-02-20T19:01:58","date_gmt":"2024-02-20T18:01:58","guid":{"rendered":"https:\/\/pop-co.fr\/index.php\/product\/verres-shooters-x4-demon-slayer-personnages\/"},"modified":"2025-06-28T13:52:55","modified_gmt":"2025-06-28T11:52:55","slug":"verres-shooters-x4-demon-slayer-personnages","status":"publish","type":"product","link":"https:\/\/pop-co.fr\/index.php\/product\/verres-shooters-x4-demon-slayer-personnages\/","title":{"rendered":"VERRES SHOOTERS X4 &#8211; DEMON SLAYER &#8211; Personnages"},"content":{"rendered":"<p>4 Verres \u00e0 Shot 57ml<\/p>\n<p>Un ensemble de 4 verres \u00e0 shot de 57ml qui vous permettent de profiter d&rsquo;un moment de d\u00e9tente entre amis. Offrant un design unique et une finition impeccable, ces verres sont parfaits pour une soir\u00e9e d\u00e9contract\u00e9e. Fabriqu\u00e9s \u00e0 partir de mat\u00e9riaux de qualit\u00e9, ils sont solides et durables et vous offriront une exp\u00e9rience de qualit\u00e9. Alors, venez d\u00e9guster vos boissons pr\u00e9f\u00e9r\u00e9es avec la qualit\u00e9 et le style qui vous correspondent le mieux !<\/p>\n","protected":false},"excerpt":{"rendered":"<p>4 Verres \u00e0 Shot 57ml Un ensemble de 4 verres \u00e0 shot de 57ml qui vous permettent de profiter d&rsquo;un moment de d\u00e9tente entre amis. Offrant un design unique et une finition impeccable, ces verres sont parfaits pour une soir\u00e9e d\u00e9contract\u00e9e. Fabriqu\u00e9s \u00e0 partir de mat\u00e9riaux de qualit\u00e9, ils sont solides et durables et vous [&hellip;]<\/p>\n","protected":false},"featured_media":223527,"comment_status":"open","ping_status":"closed","template":"","meta":[],"product_cat":[24,17],"product_tag":[],"aioseo_notices":[],"jetpack_sharing_enabled":true,"_links":{"self":[{"href":"https:\/\/pop-co.fr\/index.php\/wp-json\/wp\/v2\/product\/4913"}],"collection":[{"href":"https:\/\/pop-co.fr\/index.php\/wp-json\/wp\/v2\/product"}],"about":[{"href":"https:\/\/pop-co.fr\/index.php\/wp-json\/wp\/v2\/types\/product"}],"replies":[{"embeddable":true,"href":"https:\/\/pop-co.fr\/index.php\/wp-json\/wp\/v2\/comments?post=4913"}],"version-history":[{"count":0,"href":"https:\/\/pop-co.fr\/index.php\/wp-json\/wp\/v2\/product\/4913\/revisions"}],"wp:featuredmedia":[{"embeddable":true,"href":"https:\/\/pop-co.fr\/index.php\/wp-json\/wp\/v2\/media\/223527"}],"wp:attachment":[{"href":"https:\/\/pop-co.fr\/index.php\/wp-json\/wp\/v2\/media?parent=4913"}],"wp:term":[{"taxonomy":"product_cat","embeddable":true,"href":"https:\/\/pop-co.fr\/index.php\/wp-json\/wp\/v2\/product_cat?post=4913"},{"taxonomy":"product_tag","embeddable":true,"href":"https:\/\/pop-co.fr\/index.php\/wp-json\/wp\/v2\/product_tag?post=4913"}],"curies":[{"name":"wp","href":"https:\/\/api.w.org\/{rel}","templated":true}]}}