{"id":49441,"date":"2024-03-13T14:29:43","date_gmt":"2024-03-13T13:29:43","guid":{"rendered":"https:\/\/pop-co.fr\/index.php\/product\/pins-mystere-fnaf-serie-02\/"},"modified":"2025-06-28T12:03:02","modified_gmt":"2025-06-28T10:03:02","slug":"pins-mystere-fnaf-serie-02","status":"publish","type":"product","link":"https:\/\/pop-co.fr\/index.php\/product\/pins-mystere-fnaf-serie-02\/","title":{"rendered":"PIN&rsquo;S MYSTERE &#8211; FNAF &#8211; S\u00e9rie 02"},"content":{"rendered":"<p>*ATTENTION PRODUIT AL\u00c9ATOIRE NE POUVANT \u00caTRE RETOURN\u00c9*<\/p>\n<p>X1 Badge en m\u00e9tal \u00e9maill\u00e9 taille env. 3 cm, en emballage bo\u00eete-myst\u00e8re.<\/p>\n<p>La s\u00e9rie Myst\u00e8re 2 de Five Nights at Freddy&rsquo;s comprend les figurines FiGPiN suivantes : <\/p>\n<p>Commun : Freddy #Y131, Chica #Y132, Foxy #Y133, Bonnie #Y134<\/p>\n<p>Rare : Toy Bonnie #Y135, Toy Freddy #Y136<\/p>\n<p>Super rare : Toy Chica #Y137, Balloon Boy #Y138<\/p>\n<p>Hyper Rare : Marionnette #Y139<\/p>\n","protected":false},"excerpt":{"rendered":"<p>*ATTENTION PRODUIT AL\u00c9ATOIRE NE POUVANT \u00caTRE RETOURN\u00c9* X1 Badge en m\u00e9tal \u00e9maill\u00e9 taille env. 3 cm, en emballage bo\u00eete-myst\u00e8re. La s\u00e9rie Myst\u00e8re 2 de Five Nights at Freddy&rsquo;s comprend les figurines FiGPiN suivantes : Commun : Freddy #Y131, Chica #Y132, Foxy #Y133, Bonnie #Y134 Rare : Toy Bonnie #Y135, Toy Freddy #Y136 Super rare : [&hellip;]<\/p>\n","protected":false},"featured_media":313710,"comment_status":"open","ping_status":"closed","template":"","meta":[],"product_cat":[38,34],"product_tag":[],"aioseo_notices":[],"jetpack_sharing_enabled":true,"_links":{"self":[{"href":"https:\/\/pop-co.fr\/index.php\/wp-json\/wp\/v2\/product\/49441"}],"collection":[{"href":"https:\/\/pop-co.fr\/index.php\/wp-json\/wp\/v2\/product"}],"about":[{"href":"https:\/\/pop-co.fr\/index.php\/wp-json\/wp\/v2\/types\/product"}],"replies":[{"embeddable":true,"href":"https:\/\/pop-co.fr\/index.php\/wp-json\/wp\/v2\/comments?post=49441"}],"version-history":[{"count":0,"href":"https:\/\/pop-co.fr\/index.php\/wp-json\/wp\/v2\/product\/49441\/revisions"}],"wp:featuredmedia":[{"embeddable":true,"href":"https:\/\/pop-co.fr\/index.php\/wp-json\/wp\/v2\/media\/313710"}],"wp:attachment":[{"href":"https:\/\/pop-co.fr\/index.php\/wp-json\/wp\/v2\/media?parent=49441"}],"wp:term":[{"taxonomy":"product_cat","embeddable":true,"href":"https:\/\/pop-co.fr\/index.php\/wp-json\/wp\/v2\/product_cat?post=49441"},{"taxonomy":"product_tag","embeddable":true,"href":"https:\/\/pop-co.fr\/index.php\/wp-json\/wp\/v2\/product_tag?post=49441"}],"curies":[{"name":"wp","href":"https:\/\/api.w.org\/{rel}","templated":true}]}}