{"id":4946,"date":"2024-02-20T19:02:30","date_gmt":"2024-02-20T18:02:30","guid":{"rendered":"https:\/\/pop-co.fr\/index.php\/product\/fairy-tail-lucy-heartfilia-figurine-165cm\/"},"modified":"2025-06-28T13:53:02","modified_gmt":"2025-06-28T11:53:02","slug":"fairy-tail-lucy-heartfilia-figurine-165cm","status":"publish","type":"product","link":"https:\/\/pop-co.fr\/index.php\/product\/fairy-tail-lucy-heartfilia-figurine-165cm\/","title":{"rendered":"FAIRY TAIL &#8211; Lucy Heartfilia &#8211; Figurine 16,5cm"},"content":{"rendered":"<p>Figurine 16,5cm<br \/>\nComposition : PVC<\/p>\n<p>POP UP PARADE est une s\u00e9rie de figurines faciles \u00e0 collectionner avec des prix abordables et des sorties rapides ! Chaque figurine mesure g\u00e9n\u00e9ralement entre 17 et 18 cm (6,69-7,08in) de haut et la s\u00e9rie comprend une vaste s\u00e9lection de personnages issus de s\u00e9ries d&rsquo;anime et de jeux populaires, et beaucoup d&rsquo;autres seront ajout\u00e9s prochainement !<\/p>\n<p>Sculpteur : mayaka.<\/p>\n<p>Sp\u00e9cifications :<\/p>\n<p>Produit complet en plastique peint, sans \u00e9chelle, avec support inclus. Hauteur approximative de 165 mm (6,49 pouces).<\/p>\n","protected":false},"excerpt":{"rendered":"<p>Figurine 16,5cm Composition : PVC POP UP PARADE est une s\u00e9rie de figurines faciles \u00e0 collectionner avec des prix abordables et des sorties rapides ! Chaque figurine mesure g\u00e9n\u00e9ralement entre 17 et 18 cm (6,69-7,08in) de haut et la s\u00e9rie comprend une vaste s\u00e9lection de personnages issus de s\u00e9ries d&rsquo;anime et de jeux populaires, et [&hellip;]<\/p>\n","protected":false},"featured_media":150464,"comment_status":"open","ping_status":"closed","template":"","meta":[],"product_cat":[18,17],"product_tag":[],"aioseo_notices":[],"jetpack_sharing_enabled":true,"_links":{"self":[{"href":"https:\/\/pop-co.fr\/index.php\/wp-json\/wp\/v2\/product\/4946"}],"collection":[{"href":"https:\/\/pop-co.fr\/index.php\/wp-json\/wp\/v2\/product"}],"about":[{"href":"https:\/\/pop-co.fr\/index.php\/wp-json\/wp\/v2\/types\/product"}],"replies":[{"embeddable":true,"href":"https:\/\/pop-co.fr\/index.php\/wp-json\/wp\/v2\/comments?post=4946"}],"version-history":[{"count":0,"href":"https:\/\/pop-co.fr\/index.php\/wp-json\/wp\/v2\/product\/4946\/revisions"}],"wp:featuredmedia":[{"embeddable":true,"href":"https:\/\/pop-co.fr\/index.php\/wp-json\/wp\/v2\/media\/150464"}],"wp:attachment":[{"href":"https:\/\/pop-co.fr\/index.php\/wp-json\/wp\/v2\/media?parent=4946"}],"wp:term":[{"taxonomy":"product_cat","embeddable":true,"href":"https:\/\/pop-co.fr\/index.php\/wp-json\/wp\/v2\/product_cat?post=4946"},{"taxonomy":"product_tag","embeddable":true,"href":"https:\/\/pop-co.fr\/index.php\/wp-json\/wp\/v2\/product_tag?post=4946"}],"curies":[{"name":"wp","href":"https:\/\/api.w.org\/{rel}","templated":true}]}}