{"id":4963,"date":"2024-02-20T19:02:54","date_gmt":"2024-02-20T18:02:54","guid":{"rendered":"https:\/\/pop-co.fr\/index.php\/product\/aot-pop-n1447-armin-arlert\/"},"modified":"2025-06-28T13:53:14","modified_gmt":"2025-06-28T11:53:14","slug":"aot-pop-n1447-armin-arlert","status":"publish","type":"product","link":"https:\/\/pop-co.fr\/index.php\/product\/aot-pop-n1447-armin-arlert\/","title":{"rendered":"AOT &#8211; POP N\u00b01447 Armin Arlert"},"content":{"rendered":"<p>Le destin de l&rsquo;humanit\u00e9 est en jeu. Pr\u00e9parez votre collection Attack on Titan pour la bataille avec Pop ! Armin Arlert. Aidez \u00e0 lib\u00e9rer le monde du r\u00e8gne de terreur des Titans avec l&rsquo;ami le plus proche d&rsquo;Eren et son strat\u00e8ge de confiance.<\/p>\n<p>Probabilit\u00e9 d&rsquo;obtenir le mod\u00e8le CHASE = 1\/6<\/p>\n<p>CHASE garantie \u00e0 l&rsquo;achat de 6 Pop<\/p>\n","protected":false},"excerpt":{"rendered":"<p>Le destin de l&rsquo;humanit\u00e9 est en jeu. Pr\u00e9parez votre collection Attack on Titan pour la bataille avec Pop ! Armin Arlert. Aidez \u00e0 lib\u00e9rer le monde du r\u00e8gne de terreur des Titans avec l&rsquo;ami le plus proche d&rsquo;Eren et son strat\u00e8ge de confiance. Probabilit\u00e9 d&rsquo;obtenir le mod\u00e8le CHASE = 1\/6 CHASE garantie \u00e0 l&rsquo;achat de [&hellip;]<\/p>\n","protected":false},"featured_media":346799,"comment_status":"open","ping_status":"closed","template":"","meta":[],"product_cat":[17,25],"product_tag":[],"aioseo_notices":[],"jetpack_sharing_enabled":true,"_links":{"self":[{"href":"https:\/\/pop-co.fr\/index.php\/wp-json\/wp\/v2\/product\/4963"}],"collection":[{"href":"https:\/\/pop-co.fr\/index.php\/wp-json\/wp\/v2\/product"}],"about":[{"href":"https:\/\/pop-co.fr\/index.php\/wp-json\/wp\/v2\/types\/product"}],"replies":[{"embeddable":true,"href":"https:\/\/pop-co.fr\/index.php\/wp-json\/wp\/v2\/comments?post=4963"}],"version-history":[{"count":0,"href":"https:\/\/pop-co.fr\/index.php\/wp-json\/wp\/v2\/product\/4963\/revisions"}],"wp:featuredmedia":[{"embeddable":true,"href":"https:\/\/pop-co.fr\/index.php\/wp-json\/wp\/v2\/media\/346799"}],"wp:attachment":[{"href":"https:\/\/pop-co.fr\/index.php\/wp-json\/wp\/v2\/media?parent=4963"}],"wp:term":[{"taxonomy":"product_cat","embeddable":true,"href":"https:\/\/pop-co.fr\/index.php\/wp-json\/wp\/v2\/product_cat?post=4963"},{"taxonomy":"product_tag","embeddable":true,"href":"https:\/\/pop-co.fr\/index.php\/wp-json\/wp\/v2\/product_tag?post=4963"}],"curies":[{"name":"wp","href":"https:\/\/api.w.org\/{rel}","templated":true}]}}