{"id":4971,"date":"2024-02-20T19:03:04","date_gmt":"2024-02-20T18:03:04","guid":{"rendered":"https:\/\/pop-co.fr\/index.php\/product\/disney-pop-n1371-izzy-hocus-pocus-2\/"},"modified":"2025-07-29T11:10:31","modified_gmt":"2025-07-29T09:10:31","slug":"disney-pop-n1371-izzy-hocus-pocus-2","status":"publish","type":"product","link":"https:\/\/pop-co.fr\/index.php\/product\/disney-pop-n1371-izzy-hocus-pocus-2\/","title":{"rendered":"DISNEY &#8211; POP N\u00b01371 Izzy (Hocus Pocus 2)"},"content":{"rendered":"<p>Une tradition d&rsquo;anniversaire a accidentellement ressuscit\u00e9 les l\u00e9gendaires s\u0153urs Sanderson, et maintenant Pop ! Izzy doit aider \u00e0 prot\u00e9ger tout Salem ! R\u00e9unissez Pop ! Izzy avec ses amis pour qu&rsquo;ils puissent d\u00e9jouer les sorci\u00e8res dans votre collection Hocus Pocus 2 !<\/p>\n","protected":false},"excerpt":{"rendered":"<p>Une tradition d&rsquo;anniversaire a accidentellement ressuscit\u00e9 les l\u00e9gendaires s\u0153urs Sanderson, et maintenant Pop ! Izzy doit aider \u00e0 prot\u00e9ger tout Salem ! R\u00e9unissez Pop ! Izzy avec ses amis pour qu&rsquo;ils puissent d\u00e9jouer les sorci\u00e8res dans votre collection Hocus Pocus 2 !<\/p>\n","protected":false},"featured_media":356042,"comment_status":"open","ping_status":"closed","template":"","meta":[],"product_cat":[29],"product_tag":[],"aioseo_notices":[],"jetpack_sharing_enabled":true,"_links":{"self":[{"href":"https:\/\/pop-co.fr\/index.php\/wp-json\/wp\/v2\/product\/4971"}],"collection":[{"href":"https:\/\/pop-co.fr\/index.php\/wp-json\/wp\/v2\/product"}],"about":[{"href":"https:\/\/pop-co.fr\/index.php\/wp-json\/wp\/v2\/types\/product"}],"replies":[{"embeddable":true,"href":"https:\/\/pop-co.fr\/index.php\/wp-json\/wp\/v2\/comments?post=4971"}],"version-history":[{"count":0,"href":"https:\/\/pop-co.fr\/index.php\/wp-json\/wp\/v2\/product\/4971\/revisions"}],"wp:featuredmedia":[{"embeddable":true,"href":"https:\/\/pop-co.fr\/index.php\/wp-json\/wp\/v2\/media\/356042"}],"wp:attachment":[{"href":"https:\/\/pop-co.fr\/index.php\/wp-json\/wp\/v2\/media?parent=4971"}],"wp:term":[{"taxonomy":"product_cat","embeddable":true,"href":"https:\/\/pop-co.fr\/index.php\/wp-json\/wp\/v2\/product_cat?post=4971"},{"taxonomy":"product_tag","embeddable":true,"href":"https:\/\/pop-co.fr\/index.php\/wp-json\/wp\/v2\/product_tag?post=4971"}],"curies":[{"name":"wp","href":"https:\/\/api.w.org\/{rel}","templated":true}]}}