{"id":50031,"date":"2024-03-14T15:36:39","date_gmt":"2024-03-14T14:36:39","guid":{"rendered":"https:\/\/pop-co.fr\/index.php\/product\/bougie-disney-simba-le-roi-lion-3\/"},"modified":"2025-07-29T11:52:44","modified_gmt":"2025-07-29T09:52:44","slug":"bougie-disney-simba-le-roi-lion-3","status":"publish","type":"product","link":"https:\/\/pop-co.fr\/index.php\/product\/bougie-disney-simba-le-roi-lion-3\/","title":{"rendered":"BOUGIE &#8211; DISNEY &#8211; Simba (Le roi lion)"},"content":{"rendered":"<p>La bougie parfum\u00e9e Disney Simba Maison Francal est la plus hakuna matata de l\u2019univers Disney. <\/p>\n<p>Les notes olfactives de la bougie parfum\u00e9e Disney Simba \u00e0 l\u2019effigie de ce petit-grand h\u00e9ros qu\u2019est Simba, ici dessin\u00e9 par le singe Rafiki, ont \u00e9t\u00e9 s\u00e9lectionn\u00e9es pour nous transporter au c\u0153ur des plus belles aventures du Roi Lion. Son parfum envo\u00fbtant de foin coup\u00e9 \u00ab\u00a0chaud\u00a0\u00bb entraine vos pas direction la savane.<\/p>\n<p>Cette \u00e9l\u00e9gante bougie au verre bleu nuit, une fois \u00e9clair\u00e9e, vous fera, grands (enfants) ou petits, doucement basculer dans le monde tendre et plein de p\u00e9rip\u00e9ties de l\u2019enfance.<\/p>\n<p>Avec sa cire 100% v\u00e9g\u00e9tale \u00e0 base d\u2019huile de colza et de coco, sans OGM, sans paraffine, sans additif, 100% made in France, le parfum de la bougie Disney Simba est \u00e9labor\u00e9 \u00e0 Grasse par un \u201cNez\u201d. <\/p>\n<p>Ce produit de luxe s\u2019invite chez vous pour une combustion entre 50\/60h en moyenne. La bougie termin\u00e9e, il n\u2019y aura plus de cire dans la bo\u00eete vous pourrez alors lui donner une seconde vie : boite \u00e0 bijoux, pot \u00e0 fleurs&#8230;<br \/>\nEt si vous proposiez \u00e0 vos client(e)s des bougies uniques et exclusives qui sensationnalisent leur quotidien ?<\/p>\n","protected":false},"excerpt":{"rendered":"<p>La bougie parfum\u00e9e Disney Simba Maison Francal est la plus hakuna matata de l\u2019univers Disney. Les notes olfactives de la bougie parfum\u00e9e Disney Simba \u00e0 l\u2019effigie de ce petit-grand h\u00e9ros qu\u2019est Simba, ici dessin\u00e9 par le singe Rafiki, ont \u00e9t\u00e9 s\u00e9lectionn\u00e9es pour nous transporter au c\u0153ur des plus belles aventures du Roi Lion. Son parfum [&hellip;]<\/p>\n","protected":false},"featured_media":356475,"comment_status":"open","ping_status":"closed","template":"","meta":[],"product_cat":[29],"product_tag":[],"aioseo_notices":[],"jetpack_sharing_enabled":true,"_links":{"self":[{"href":"https:\/\/pop-co.fr\/index.php\/wp-json\/wp\/v2\/product\/50031"}],"collection":[{"href":"https:\/\/pop-co.fr\/index.php\/wp-json\/wp\/v2\/product"}],"about":[{"href":"https:\/\/pop-co.fr\/index.php\/wp-json\/wp\/v2\/types\/product"}],"replies":[{"embeddable":true,"href":"https:\/\/pop-co.fr\/index.php\/wp-json\/wp\/v2\/comments?post=50031"}],"version-history":[{"count":0,"href":"https:\/\/pop-co.fr\/index.php\/wp-json\/wp\/v2\/product\/50031\/revisions"}],"wp:featuredmedia":[{"embeddable":true,"href":"https:\/\/pop-co.fr\/index.php\/wp-json\/wp\/v2\/media\/356475"}],"wp:attachment":[{"href":"https:\/\/pop-co.fr\/index.php\/wp-json\/wp\/v2\/media?parent=50031"}],"wp:term":[{"taxonomy":"product_cat","embeddable":true,"href":"https:\/\/pop-co.fr\/index.php\/wp-json\/wp\/v2\/product_cat?post=50031"},{"taxonomy":"product_tag","embeddable":true,"href":"https:\/\/pop-co.fr\/index.php\/wp-json\/wp\/v2\/product_tag?post=50031"}],"curies":[{"name":"wp","href":"https:\/\/api.w.org\/{rel}","templated":true}]}}