{"id":50386,"date":"2024-03-15T18:20:33","date_gmt":"2024-03-15T17:20:33","guid":{"rendered":"https:\/\/pop-co.fr\/index.php\/product\/one-piece-uta-figurine-16cm\/"},"modified":"2025-06-28T12:55:50","modified_gmt":"2025-06-28T10:55:50","slug":"one-piece-uta-figurine-16cm","status":"publish","type":"product","link":"https:\/\/pop-co.fr\/index.php\/product\/one-piece-uta-figurine-16cm\/","title":{"rendered":"ONE PIECE &#8211; Uta &#8211; Figurine 16cm"},"content":{"rendered":"<p>La figurine de Uta de \u00ab\u00a0One Piece Film Red\u00a0\u00bb de la s\u00e9rie \u00ab\u00a0DXF &#8211; The Grandline Series\u00a0\u00bb, mesurant environ 16 cm, est une repr\u00e9sentation de ce personnage sp\u00e9cifique de l&rsquo;univers de \u00ab\u00a0One Piece\u00a0\u00bb. \u00ab\u00a0One Piece Film Red\u00a0\u00bb est un film de la c\u00e9l\u00e8bre franchise \u00ab\u00a0One Piece\u00a0\u00bb.<\/p>\n<p>Les figurines de la s\u00e9rie \u00ab\u00a0DXF &#8211; The Grandline Series\u00a0\u00bb sont appr\u00e9ci\u00e9es pour leur qualit\u00e9 de fabrication et leur ressemblance fid\u00e8le aux personnages originaux. Elles sont g\u00e9n\u00e9ralement con\u00e7ues pour refl\u00e9ter l&rsquo;apparence des personnages dans le film.<\/p>\n<p>Uta est un personnage de \u00ab\u00a0One Piece Film Red\u00a0\u00bb, et cette figurine est destin\u00e9e \u00e0 capturer son apparence et son style sp\u00e9cifiques. Les fans de la franchise \u00ab\u00a0One Piece\u00a0\u00bb et du film \u00ab\u00a0Red\u00a0\u00bb peuvent appr\u00e9cier cette figurine comme un objet de collection pour c\u00e9l\u00e9brer l&rsquo;univers \u00e9tendu de la s\u00e9rie.<\/p>\n<p>En r\u00e9sum\u00e9, la figurine de Uta de \u00ab\u00a0One Piece Film Red\u00a0\u00bb de la s\u00e9rie \u00ab\u00a0DXF &#8211; The Grandline Series\u00a0\u00bb est une excellente option pour les collectionneurs et les fans du film qui souhaitent ajouter un personnage unique de l&rsquo;univers \u00ab\u00a0One Piece\u00a0\u00bb \u00e0 leur collection de figurines.<\/p>\n<p>Composition : PVC<\/p>\n","protected":false},"excerpt":{"rendered":"<p>La figurine de Uta de \u00ab\u00a0One Piece Film Red\u00a0\u00bb de la s\u00e9rie \u00ab\u00a0DXF &#8211; The Grandline Series\u00a0\u00bb, mesurant environ 16 cm, est une repr\u00e9sentation de ce personnage sp\u00e9cifique de l&rsquo;univers de \u00ab\u00a0One Piece\u00a0\u00bb. \u00ab\u00a0One Piece Film Red\u00a0\u00bb est un film de la c\u00e9l\u00e8bre franchise \u00ab\u00a0One Piece\u00a0\u00bb. Les figurines de la s\u00e9rie \u00ab\u00a0DXF &#8211; The Grandline [&hellip;]<\/p>\n","protected":false},"featured_media":336426,"comment_status":"open","ping_status":"closed","template":"","meta":[],"product_cat":[17,22],"product_tag":[],"aioseo_notices":[],"jetpack_sharing_enabled":true,"_links":{"self":[{"href":"https:\/\/pop-co.fr\/index.php\/wp-json\/wp\/v2\/product\/50386"}],"collection":[{"href":"https:\/\/pop-co.fr\/index.php\/wp-json\/wp\/v2\/product"}],"about":[{"href":"https:\/\/pop-co.fr\/index.php\/wp-json\/wp\/v2\/types\/product"}],"replies":[{"embeddable":true,"href":"https:\/\/pop-co.fr\/index.php\/wp-json\/wp\/v2\/comments?post=50386"}],"version-history":[{"count":0,"href":"https:\/\/pop-co.fr\/index.php\/wp-json\/wp\/v2\/product\/50386\/revisions"}],"wp:featuredmedia":[{"embeddable":true,"href":"https:\/\/pop-co.fr\/index.php\/wp-json\/wp\/v2\/media\/336426"}],"wp:attachment":[{"href":"https:\/\/pop-co.fr\/index.php\/wp-json\/wp\/v2\/media?parent=50386"}],"wp:term":[{"taxonomy":"product_cat","embeddable":true,"href":"https:\/\/pop-co.fr\/index.php\/wp-json\/wp\/v2\/product_cat?post=50386"},{"taxonomy":"product_tag","embeddable":true,"href":"https:\/\/pop-co.fr\/index.php\/wp-json\/wp\/v2\/product_tag?post=50386"}],"curies":[{"name":"wp","href":"https:\/\/api.w.org\/{rel}","templated":true}]}}