{"id":50427,"date":"2024-03-16T11:50:34","date_gmt":"2024-03-16T10:50:34","guid":{"rendered":"https:\/\/pop-co.fr\/index.php\/product\/hello-kitty-pop-n75-hello-kitty-dans-gateau\/"},"modified":"2025-06-28T12:55:02","modified_gmt":"2025-06-28T10:55:02","slug":"hello-kitty-pop-n75-hello-kitty-dans-gateau","status":"publish","type":"product","link":"https:\/\/pop-co.fr\/index.php\/product\/hello-kitty-pop-n75-hello-kitty-dans-gateau\/","title":{"rendered":"HELLO KITTY &#8211; POP N\u00b075 Hello Kitty dans Gateau"},"content":{"rendered":"<p>Il est temps de c\u00e9l\u00e9brer le 50e anniversaire de Hello Kitty\u00ae ! Compl\u00e9tez votre collection Sanrio\u00ae en accueillant Pop ! Hello Kitty\u00ae dans un g\u00e2teau dans votre ensemble Hello Kitty\u00ae et ses amis ! Avec ses reflets nacr\u00e9s, cette Pop ! Hello Kitty translucide est pr\u00eate \u00e0 faire la f\u00eate \u00e0 vos c\u00f4t\u00e9s !<\/p>\n<p>Composition : PVC<\/p>\n","protected":false},"excerpt":{"rendered":"<p>Il est temps de c\u00e9l\u00e9brer le 50e anniversaire de Hello Kitty\u00ae ! Compl\u00e9tez votre collection Sanrio\u00ae en accueillant Pop ! Hello Kitty\u00ae dans un g\u00e2teau dans votre ensemble Hello Kitty\u00ae et ses amis ! Avec ses reflets nacr\u00e9s, cette Pop ! Hello Kitty translucide est pr\u00eate \u00e0 faire la f\u00eate \u00e0 vos c\u00f4t\u00e9s ! Composition [&hellip;]<\/p>\n","protected":false},"featured_media":148244,"comment_status":"open","ping_status":"closed","template":"","meta":[],"product_cat":[17,80],"product_tag":[],"aioseo_notices":[],"jetpack_sharing_enabled":true,"_links":{"self":[{"href":"https:\/\/pop-co.fr\/index.php\/wp-json\/wp\/v2\/product\/50427"}],"collection":[{"href":"https:\/\/pop-co.fr\/index.php\/wp-json\/wp\/v2\/product"}],"about":[{"href":"https:\/\/pop-co.fr\/index.php\/wp-json\/wp\/v2\/types\/product"}],"replies":[{"embeddable":true,"href":"https:\/\/pop-co.fr\/index.php\/wp-json\/wp\/v2\/comments?post=50427"}],"version-history":[{"count":0,"href":"https:\/\/pop-co.fr\/index.php\/wp-json\/wp\/v2\/product\/50427\/revisions"}],"wp:featuredmedia":[{"embeddable":true,"href":"https:\/\/pop-co.fr\/index.php\/wp-json\/wp\/v2\/media\/148244"}],"wp:attachment":[{"href":"https:\/\/pop-co.fr\/index.php\/wp-json\/wp\/v2\/media?parent=50427"}],"wp:term":[{"taxonomy":"product_cat","embeddable":true,"href":"https:\/\/pop-co.fr\/index.php\/wp-json\/wp\/v2\/product_cat?post=50427"},{"taxonomy":"product_tag","embeddable":true,"href":"https:\/\/pop-co.fr\/index.php\/wp-json\/wp\/v2\/product_tag?post=50427"}],"curies":[{"name":"wp","href":"https:\/\/api.w.org\/{rel}","templated":true}]}}