{"id":51628,"date":"2024-03-18T12:38:00","date_gmt":"2024-03-18T11:38:00","guid":{"rendered":"https:\/\/pop-co.fr\/index.php\/product\/tatouages-death-note-planche-15x10cm\/"},"modified":"2025-07-29T11:54:27","modified_gmt":"2025-07-29T09:54:27","slug":"tatouages-death-note-planche-15x10cm","status":"publish","type":"product","link":"https:\/\/pop-co.fr\/index.php\/product\/tatouages-death-note-planche-15x10cm\/","title":{"rendered":"TATOUAGES &#8211; DEATH NOTE &#8211; Planche 15x10cm"},"content":{"rendered":"<p>Vous aimez Death Note ? L, Kira, Ryuk, montrez vos pr\u00e9f\u00e9rences directement sur vous gr\u00e2ce \u00e0 ce merveilleux set de tatouages Death Note par ABYstyle ! <\/p>\n<p>&#8211; Utilisation facile et rapide : pressez le tatouage contre votre peau pendant 30 secondes \u00e0 l&rsquo;aide d&rsquo;un linge humide, et tada !<br \/>\n&#8211; Dimensions totales d\u2019une planche : 10 x 15 cm.<br \/>\n&#8211; R\u00e9siste \u00e0 l&rsquo;eau.<br \/>\n&#8211; Tient jusqu&rsquo;\u00e0 3 jours.<br \/>\n&#8211; S&rsquo;enl\u00e8ve facilement avec de l&rsquo;alcool ou un solvant doux.<\/p>\n","protected":false},"excerpt":{"rendered":"<p>Vous aimez Death Note ? L, Kira, Ryuk, montrez vos pr\u00e9f\u00e9rences directement sur vous gr\u00e2ce \u00e0 ce merveilleux set de tatouages Death Note par ABYstyle ! &#8211; Utilisation facile et rapide : pressez le tatouage contre votre peau pendant 30 secondes \u00e0 l&rsquo;aide d&rsquo;un linge humide, et tada ! &#8211; Dimensions totales d\u2019une planche : [&hellip;]<\/p>\n","protected":false},"featured_media":356494,"comment_status":"open","ping_status":"closed","template":"","meta":[],"product_cat":[17,18],"product_tag":[],"aioseo_notices":[],"jetpack_sharing_enabled":true,"_links":{"self":[{"href":"https:\/\/pop-co.fr\/index.php\/wp-json\/wp\/v2\/product\/51628"}],"collection":[{"href":"https:\/\/pop-co.fr\/index.php\/wp-json\/wp\/v2\/product"}],"about":[{"href":"https:\/\/pop-co.fr\/index.php\/wp-json\/wp\/v2\/types\/product"}],"replies":[{"embeddable":true,"href":"https:\/\/pop-co.fr\/index.php\/wp-json\/wp\/v2\/comments?post=51628"}],"version-history":[{"count":0,"href":"https:\/\/pop-co.fr\/index.php\/wp-json\/wp\/v2\/product\/51628\/revisions"}],"wp:featuredmedia":[{"embeddable":true,"href":"https:\/\/pop-co.fr\/index.php\/wp-json\/wp\/v2\/media\/356494"}],"wp:attachment":[{"href":"https:\/\/pop-co.fr\/index.php\/wp-json\/wp\/v2\/media?parent=51628"}],"wp:term":[{"taxonomy":"product_cat","embeddable":true,"href":"https:\/\/pop-co.fr\/index.php\/wp-json\/wp\/v2\/product_cat?post=51628"},{"taxonomy":"product_tag","embeddable":true,"href":"https:\/\/pop-co.fr\/index.php\/wp-json\/wp\/v2\/product_tag?post=51628"}],"curies":[{"name":"wp","href":"https:\/\/api.w.org\/{rel}","templated":true}]}}