{"id":51629,"date":"2024-03-18T12:38:00","date_gmt":"2024-03-18T11:38:00","guid":{"rendered":"https:\/\/pop-co.fr\/index.php\/product\/stickers-naruto-2-planches-naruto-et-jiraiya\/"},"modified":"2025-06-28T12:54:36","modified_gmt":"2025-06-28T10:54:36","slug":"stickers-naruto-2-planches-naruto-et-jiraiya","status":"publish","type":"product","link":"https:\/\/pop-co.fr\/index.php\/product\/stickers-naruto-2-planches-naruto-et-jiraiya\/","title":{"rendered":"STICKERS &#8211; NARUTO &#8211; Naruto et Jiraiya (2 planches)"},"content":{"rendered":"<p>La gamme de mini-stickers Naruto Shippuden par ABYstyle : \u00e0 placer sur les murs, cahiers, PC portables, frigos\u2026 <\/p>\n<p>&#8211; Chaque pack est compos\u00e9 de 2 planches d&rsquo;\u00e9l\u00e9ments pr\u00e9d\u00e9coup\u00e9s<br \/>\n&#8211; Dimension totale d\u2019une planche : 16cm x 11 cm.<br \/>\n&#8211; Planche adh\u00e9sive en vinyle transparent.<\/p>\n","protected":false},"excerpt":{"rendered":"<p>La gamme de mini-stickers Naruto Shippuden par ABYstyle : \u00e0 placer sur les murs, cahiers, PC portables, frigos\u2026 &#8211; Chaque pack est compos\u00e9 de 2 planches d&rsquo;\u00e9l\u00e9ments pr\u00e9d\u00e9coup\u00e9s &#8211; Dimension totale d\u2019une planche : 16cm x 11 cm. &#8211; Planche adh\u00e9sive en vinyle transparent.<\/p>\n","protected":false},"featured_media":275290,"comment_status":"open","ping_status":"closed","template":"","meta":[],"product_cat":[17,21],"product_tag":[],"aioseo_notices":[],"jetpack_sharing_enabled":true,"_links":{"self":[{"href":"https:\/\/pop-co.fr\/index.php\/wp-json\/wp\/v2\/product\/51629"}],"collection":[{"href":"https:\/\/pop-co.fr\/index.php\/wp-json\/wp\/v2\/product"}],"about":[{"href":"https:\/\/pop-co.fr\/index.php\/wp-json\/wp\/v2\/types\/product"}],"replies":[{"embeddable":true,"href":"https:\/\/pop-co.fr\/index.php\/wp-json\/wp\/v2\/comments?post=51629"}],"version-history":[{"count":0,"href":"https:\/\/pop-co.fr\/index.php\/wp-json\/wp\/v2\/product\/51629\/revisions"}],"wp:featuredmedia":[{"embeddable":true,"href":"https:\/\/pop-co.fr\/index.php\/wp-json\/wp\/v2\/media\/275290"}],"wp:attachment":[{"href":"https:\/\/pop-co.fr\/index.php\/wp-json\/wp\/v2\/media?parent=51629"}],"wp:term":[{"taxonomy":"product_cat","embeddable":true,"href":"https:\/\/pop-co.fr\/index.php\/wp-json\/wp\/v2\/product_cat?post=51629"},{"taxonomy":"product_tag","embeddable":true,"href":"https:\/\/pop-co.fr\/index.php\/wp-json\/wp\/v2\/product_tag?post=51629"}],"curies":[{"name":"wp","href":"https:\/\/api.w.org\/{rel}","templated":true}]}}