{"id":51634,"date":"2024-03-18T12:38:01","date_gmt":"2024-03-18T11:38:01","guid":{"rendered":"https:\/\/pop-co.fr\/index.php\/product\/stickers-jurassic-park-2-planches-dinosaures\/"},"modified":"2025-07-21T16:53:22","modified_gmt":"2025-07-21T14:53:22","slug":"stickers-jurassic-park-2-planches-dinosaures","status":"publish","type":"product","link":"https:\/\/pop-co.fr\/index.php\/product\/stickers-jurassic-park-2-planches-dinosaures\/","title":{"rendered":"STICKERS &#8211; JURASSIC PARK &#8211; Dinosaures (2 planches)"},"content":{"rendered":"<p>Les dinosaures seront partout sur vos cahiers et autres accessoires gr\u00e2ce \u00e0 ces mini stickers Jurassic Park par ABYstyle ! <\/p>\n<p>&#8211; Chaque pack est compos\u00e9 de 2 planches d&rsquo;\u00e9l\u00e9ments pr\u00e9d\u00e9coup\u00e9s qui trouveront leur place sur les murs, cahiers, PC portables, frigos\u2026<br \/>\n&#8211; Dimensions totales d\u2019une planche : 16 cm x 11 cm.<br \/>\n&#8211; Planche adh\u00e9sive en vinyle transparent.<\/p>\n","protected":false},"excerpt":{"rendered":"<p>Les dinosaures seront partout sur vos cahiers et autres accessoires gr\u00e2ce \u00e0 ces mini stickers Jurassic Park par ABYstyle ! &#8211; Chaque pack est compos\u00e9 de 2 planches d&rsquo;\u00e9l\u00e9ments pr\u00e9d\u00e9coup\u00e9s qui trouveront leur place sur les murs, cahiers, PC portables, frigos\u2026 &#8211; Dimensions totales d\u2019une planche : 16 cm x 11 cm. &#8211; Planche adh\u00e9sive [&hellip;]<\/p>\n","protected":false},"featured_media":354897,"comment_status":"open","ping_status":"closed","template":"","meta":[],"product_cat":[39,44],"product_tag":[],"aioseo_notices":[],"jetpack_sharing_enabled":true,"_links":{"self":[{"href":"https:\/\/pop-co.fr\/index.php\/wp-json\/wp\/v2\/product\/51634"}],"collection":[{"href":"https:\/\/pop-co.fr\/index.php\/wp-json\/wp\/v2\/product"}],"about":[{"href":"https:\/\/pop-co.fr\/index.php\/wp-json\/wp\/v2\/types\/product"}],"replies":[{"embeddable":true,"href":"https:\/\/pop-co.fr\/index.php\/wp-json\/wp\/v2\/comments?post=51634"}],"version-history":[{"count":0,"href":"https:\/\/pop-co.fr\/index.php\/wp-json\/wp\/v2\/product\/51634\/revisions"}],"wp:featuredmedia":[{"embeddable":true,"href":"https:\/\/pop-co.fr\/index.php\/wp-json\/wp\/v2\/media\/354897"}],"wp:attachment":[{"href":"https:\/\/pop-co.fr\/index.php\/wp-json\/wp\/v2\/media?parent=51634"}],"wp:term":[{"taxonomy":"product_cat","embeddable":true,"href":"https:\/\/pop-co.fr\/index.php\/wp-json\/wp\/v2\/product_cat?post=51634"},{"taxonomy":"product_tag","embeddable":true,"href":"https:\/\/pop-co.fr\/index.php\/wp-json\/wp\/v2\/product_tag?post=51634"}],"curies":[{"name":"wp","href":"https:\/\/api.w.org\/{rel}","templated":true}]}}