{"id":51652,"date":"2024-03-18T12:38:10","date_gmt":"2024-03-18T11:38:10","guid":{"rendered":"https:\/\/pop-co.fr\/index.php\/product\/stickers-dragon-ball-2-planches-dbz-gohan-et-trunks-x5\/"},"modified":"2025-08-22T11:33:31","modified_gmt":"2025-08-22T09:33:31","slug":"stickers-dragon-ball-2-planches-dbz-gohan-et-trunks-x5","status":"publish","type":"product","link":"https:\/\/pop-co.fr\/index.php\/product\/stickers-dragon-ball-2-planches-dbz-gohan-et-trunks-x5\/","title":{"rendered":"STICKERS &#8211; DRAGON BALL &#8211; Gohan et Trunks (2 planches)"},"content":{"rendered":"<p>Gohan et Trunks sont pr\u00eats \u00e0 s&rsquo;opposer \u00e0 Cell sur ces mini-stickers Dragon Ball Z par ABYstyle. <\/p>\n<p>&#8211; Chaque pack est compos\u00e9 de 2 planches d&rsquo;\u00e9l\u00e9ments pr\u00e9d\u00e9coup\u00e9s qui trouveront leur place sur les murs, cahiers, PC portables, frigos\u2026<br \/>\n&#8211; Dimensions totales d\u2019une planche : 16 cm x 11 cm.<br \/>\n&#8211; Planche adh\u00e9sive en vinyle transparent<\/p>\n","protected":false},"excerpt":{"rendered":"<p>Gohan et Trunks sont pr\u00eats \u00e0 s&rsquo;opposer \u00e0 Cell sur ces mini-stickers Dragon Ball Z par ABYstyle. &#8211; Chaque pack est compos\u00e9 de 2 planches d&rsquo;\u00e9l\u00e9ments pr\u00e9d\u00e9coup\u00e9s qui trouveront leur place sur les murs, cahiers, PC portables, frigos\u2026 &#8211; Dimensions totales d\u2019une planche : 16 cm x 11 cm. &#8211; Planche adh\u00e9sive en vinyle transparent<\/p>\n","protected":false},"featured_media":357551,"comment_status":"open","ping_status":"closed","template":"","meta":[],"product_cat":[17,23],"product_tag":[],"aioseo_notices":[],"jetpack_sharing_enabled":true,"_links":{"self":[{"href":"https:\/\/pop-co.fr\/index.php\/wp-json\/wp\/v2\/product\/51652"}],"collection":[{"href":"https:\/\/pop-co.fr\/index.php\/wp-json\/wp\/v2\/product"}],"about":[{"href":"https:\/\/pop-co.fr\/index.php\/wp-json\/wp\/v2\/types\/product"}],"replies":[{"embeddable":true,"href":"https:\/\/pop-co.fr\/index.php\/wp-json\/wp\/v2\/comments?post=51652"}],"version-history":[{"count":0,"href":"https:\/\/pop-co.fr\/index.php\/wp-json\/wp\/v2\/product\/51652\/revisions"}],"wp:featuredmedia":[{"embeddable":true,"href":"https:\/\/pop-co.fr\/index.php\/wp-json\/wp\/v2\/media\/357551"}],"wp:attachment":[{"href":"https:\/\/pop-co.fr\/index.php\/wp-json\/wp\/v2\/media?parent=51652"}],"wp:term":[{"taxonomy":"product_cat","embeddable":true,"href":"https:\/\/pop-co.fr\/index.php\/wp-json\/wp\/v2\/product_cat?post=51652"},{"taxonomy":"product_tag","embeddable":true,"href":"https:\/\/pop-co.fr\/index.php\/wp-json\/wp\/v2\/product_tag?post=51652"}],"curies":[{"name":"wp","href":"https:\/\/api.w.org\/{rel}","templated":true}]}}