{"id":51653,"date":"2024-03-18T12:38:10","date_gmt":"2024-03-18T11:38:10","guid":{"rendered":"https:\/\/pop-co.fr\/index.php\/product\/stickers-one-piece-2-planches-skulls-des-empereurs\/"},"modified":"2025-06-28T12:54:25","modified_gmt":"2025-06-28T10:54:25","slug":"stickers-one-piece-2-planches-skulls-des-empereurs","status":"publish","type":"product","link":"https:\/\/pop-co.fr\/index.php\/product\/stickers-one-piece-2-planches-skulls-des-empereurs\/","title":{"rendered":"STICKERS &#8211; ONE PIECE &#8211; Skulls Empereurs (2 planches)"},"content":{"rendered":"<p>Un vent nouveau souffle sur la piraterie&#8230; Des nouveaux empereurs \u00e9mergent ! Luffy rejoint enfin Shanks au rang d&rsquo;Empereurs des mers !! Baggy quant \u00e0 lui, acc\u00e8de \u00e0 ce statut redout\u00e9 gr\u00e2ce \u00e0 son nouvel \u00e9quipage Cross Guild. Pr\u00e9f\u00e9rez-vous l&rsquo;ancienne g\u00e9n\u00e9ration avec Barbe Blanche et Ka\u00efdo ou la Nouvelle avec Luffy ? Faites votre choix sur ces mini stickers One Piece par ABYstyle. <\/p>\n<p>&#8211; Chaque pack est compos\u00e9 de 2 planches d&rsquo;\u00e9l\u00e9ments pr\u00e9d\u00e9coup\u00e9s qui trouveront leur place sur les murs, cahiers, PC portables, frigos\u2026<br \/>\n&#8211; Dimensions totales d\u2019une planche : 16 cm x 11 cm.<br \/>\n&#8211; Planche adh\u00e9sive en vinyle transparent repositionnable 100\u00b5.<\/p>\n","protected":false},"excerpt":{"rendered":"<p>Un vent nouveau souffle sur la piraterie&#8230; Des nouveaux empereurs \u00e9mergent ! Luffy rejoint enfin Shanks au rang d&rsquo;Empereurs des mers !! Baggy quant \u00e0 lui, acc\u00e8de \u00e0 ce statut redout\u00e9 gr\u00e2ce \u00e0 son nouvel \u00e9quipage Cross Guild. Pr\u00e9f\u00e9rez-vous l&rsquo;ancienne g\u00e9n\u00e9ration avec Barbe Blanche et Ka\u00efdo ou la Nouvelle avec Luffy ? Faites votre choix [&hellip;]<\/p>\n","protected":false},"featured_media":156831,"comment_status":"open","ping_status":"closed","template":"","meta":[],"product_cat":[17,22],"product_tag":[],"aioseo_notices":[],"jetpack_sharing_enabled":true,"_links":{"self":[{"href":"https:\/\/pop-co.fr\/index.php\/wp-json\/wp\/v2\/product\/51653"}],"collection":[{"href":"https:\/\/pop-co.fr\/index.php\/wp-json\/wp\/v2\/product"}],"about":[{"href":"https:\/\/pop-co.fr\/index.php\/wp-json\/wp\/v2\/types\/product"}],"replies":[{"embeddable":true,"href":"https:\/\/pop-co.fr\/index.php\/wp-json\/wp\/v2\/comments?post=51653"}],"version-history":[{"count":0,"href":"https:\/\/pop-co.fr\/index.php\/wp-json\/wp\/v2\/product\/51653\/revisions"}],"wp:featuredmedia":[{"embeddable":true,"href":"https:\/\/pop-co.fr\/index.php\/wp-json\/wp\/v2\/media\/156831"}],"wp:attachment":[{"href":"https:\/\/pop-co.fr\/index.php\/wp-json\/wp\/v2\/media?parent=51653"}],"wp:term":[{"taxonomy":"product_cat","embeddable":true,"href":"https:\/\/pop-co.fr\/index.php\/wp-json\/wp\/v2\/product_cat?post=51653"},{"taxonomy":"product_tag","embeddable":true,"href":"https:\/\/pop-co.fr\/index.php\/wp-json\/wp\/v2\/product_tag?post=51653"}],"curies":[{"name":"wp","href":"https:\/\/api.w.org\/{rel}","templated":true}]}}