{"id":5262,"date":"2024-02-20T19:09:18","date_gmt":"2024-02-20T18:09:18","guid":{"rendered":"https:\/\/pop-co.fr\/index.php\/product\/naruto-pop-n933-shikamaru-nara\/"},"modified":"2025-07-29T11:09:20","modified_gmt":"2025-07-29T09:09:20","slug":"naruto-pop-n933-shikamaru-nara","status":"publish","type":"product","link":"https:\/\/pop-co.fr\/index.php\/product\/naruto-pop-n933-shikamaru-nara\/","title":{"rendered":"NARUTO &#8211; POP N\u00b0933 Shikamaru Nara"},"content":{"rendered":"<p>Figurine en vinyle taille environ 9 centim\u00e8tres de haut, avec emballage bo\u00eete-fen\u00eatre.<\/p>\n<p>Mod\u00e8le de la collection POP! du fabricant Funko. <\/p>\n<p>Naruto : Shippuden est une s\u00e9rie manga\/anime japonaise \u00e0 succ\u00e8s qui raconte l&rsquo;histoire de Naruto Uzumaki, un ninja adolescent qui cherche \u00e0 \u00eatre reconnu par ses pairs, r\u00eavant de devenir l&rsquo;Hokage, le chef de son village. L&rsquo;anime est adapt\u00e9 de la deuxi\u00e8me partie de la s\u00e9rie manga Naruto.<\/p>\n<p>La toute r\u00e9cente vague de figurines Naruto Pop ! Vinyl de Funko comprend une s\u00e9rie de favoris, ainsi que quelques nouveaux venus dans la s\u00e9rie Pop ! comme le chef de l&rsquo;Akatsuki, Pain, le super intelligent Shikamaru Nara, Kabuto Yakushi avec le serpent blanc, le p\u00e8re de Naruto, Minato Namikaze, ainsi que Naruto en mode Sage \u00e0 six voies.<\/p>\n","protected":false},"excerpt":{"rendered":"<p>Figurine en vinyle taille environ 9 centim\u00e8tres de haut, avec emballage bo\u00eete-fen\u00eatre. Mod\u00e8le de la collection POP! du fabricant Funko. Naruto : Shippuden est une s\u00e9rie manga\/anime japonaise \u00e0 succ\u00e8s qui raconte l&rsquo;histoire de Naruto Uzumaki, un ninja adolescent qui cherche \u00e0 \u00eatre reconnu par ses pairs, r\u00eavant de devenir l&rsquo;Hokage, le chef de son [&hellip;]<\/p>\n","protected":false},"featured_media":356020,"comment_status":"open","ping_status":"closed","template":"","meta":[],"product_cat":[17,21],"product_tag":[],"aioseo_notices":[],"jetpack_sharing_enabled":true,"_links":{"self":[{"href":"https:\/\/pop-co.fr\/index.php\/wp-json\/wp\/v2\/product\/5262"}],"collection":[{"href":"https:\/\/pop-co.fr\/index.php\/wp-json\/wp\/v2\/product"}],"about":[{"href":"https:\/\/pop-co.fr\/index.php\/wp-json\/wp\/v2\/types\/product"}],"replies":[{"embeddable":true,"href":"https:\/\/pop-co.fr\/index.php\/wp-json\/wp\/v2\/comments?post=5262"}],"version-history":[{"count":0,"href":"https:\/\/pop-co.fr\/index.php\/wp-json\/wp\/v2\/product\/5262\/revisions"}],"wp:featuredmedia":[{"embeddable":true,"href":"https:\/\/pop-co.fr\/index.php\/wp-json\/wp\/v2\/media\/356020"}],"wp:attachment":[{"href":"https:\/\/pop-co.fr\/index.php\/wp-json\/wp\/v2\/media?parent=5262"}],"wp:term":[{"taxonomy":"product_cat","embeddable":true,"href":"https:\/\/pop-co.fr\/index.php\/wp-json\/wp\/v2\/product_cat?post=5262"},{"taxonomy":"product_tag","embeddable":true,"href":"https:\/\/pop-co.fr\/index.php\/wp-json\/wp\/v2\/product_tag?post=5262"}],"curies":[{"name":"wp","href":"https:\/\/api.w.org\/{rel}","templated":true}]}}