{"id":5303,"date":"2024-02-20T19:09:58","date_gmt":"2024-02-20T18:09:58","guid":{"rendered":"https:\/\/pop-co.fr\/index.php\/product\/pokemon-pop-n886-moustillon\/"},"modified":"2025-07-29T11:09:20","modified_gmt":"2025-07-29T09:09:20","slug":"pokemon-pop-n886-moustillon","status":"publish","type":"product","link":"https:\/\/pop-co.fr\/index.php\/product\/pokemon-pop-n886-moustillon\/","title":{"rendered":"POKEMON &#8211; POP N\u00b0886 Moustillon"},"content":{"rendered":"<p>Moustillon est un pokemon de type eau qui apparait dans la cinqui\u00e8me g\u00e9n\u00e9ration.<\/p>\n","protected":false},"excerpt":{"rendered":"<p>Moustillon est un pokemon de type eau qui apparait dans la cinqui\u00e8me g\u00e9n\u00e9ration.<\/p>\n","protected":false},"featured_media":356014,"comment_status":"open","ping_status":"closed","template":"","meta":[],"product_cat":[34,20],"product_tag":[],"aioseo_notices":[],"jetpack_sharing_enabled":true,"_links":{"self":[{"href":"https:\/\/pop-co.fr\/index.php\/wp-json\/wp\/v2\/product\/5303"}],"collection":[{"href":"https:\/\/pop-co.fr\/index.php\/wp-json\/wp\/v2\/product"}],"about":[{"href":"https:\/\/pop-co.fr\/index.php\/wp-json\/wp\/v2\/types\/product"}],"replies":[{"embeddable":true,"href":"https:\/\/pop-co.fr\/index.php\/wp-json\/wp\/v2\/comments?post=5303"}],"version-history":[{"count":0,"href":"https:\/\/pop-co.fr\/index.php\/wp-json\/wp\/v2\/product\/5303\/revisions"}],"wp:featuredmedia":[{"embeddable":true,"href":"https:\/\/pop-co.fr\/index.php\/wp-json\/wp\/v2\/media\/356014"}],"wp:attachment":[{"href":"https:\/\/pop-co.fr\/index.php\/wp-json\/wp\/v2\/media?parent=5303"}],"wp:term":[{"taxonomy":"product_cat","embeddable":true,"href":"https:\/\/pop-co.fr\/index.php\/wp-json\/wp\/v2\/product_cat?post=5303"},{"taxonomy":"product_tag","embeddable":true,"href":"https:\/\/pop-co.fr\/index.php\/wp-json\/wp\/v2\/product_tag?post=5303"}],"curies":[{"name":"wp","href":"https:\/\/api.w.org\/{rel}","templated":true}]}}