{"id":5325,"date":"2024-02-20T19:10:20","date_gmt":"2024-02-20T18:10:20","guid":{"rendered":"https:\/\/pop-co.fr\/index.php\/product\/lanterne-disney-la-petite-sirene\/"},"modified":"2025-07-29T11:09:06","modified_gmt":"2025-07-29T09:09:06","slug":"lanterne-disney-la-petite-sirene","status":"publish","type":"product","link":"https:\/\/pop-co.fr\/index.php\/product\/lanterne-disney-la-petite-sirene\/","title":{"rendered":"LANTERNE &#8211; DISNEY &#8211; La petite sir\u00e8ne"},"content":{"rendered":"<p>Lampe Lanterne &#8211; 28 cm<\/p>\n<p>La lanterne \u00e0 eau illumin\u00e9e de la Petite Sir\u00e8ne pr\u00e9sente de belles \u0153uvres d\u2019art avec Ariel et Ursula sur les quatre c\u00f4t\u00e9s.<\/p>\n<p>Lorsqu\u2019elle est allum\u00e9e, un souffleur d\u2019eau automatique propulse les paillettes \u00e9tincelantes comme par magie cr\u00e9ant une sc\u00e8ne dynamique digne du grand \u00e9cran.<\/p>\n<p>3 piles AAA incluses.<\/p>\n","protected":false},"excerpt":{"rendered":"<p>Lampe Lanterne &#8211; 28 cm La lanterne \u00e0 eau illumin\u00e9e de la Petite Sir\u00e8ne pr\u00e9sente de belles \u0153uvres d\u2019art avec Ariel et Ursula sur les quatre c\u00f4t\u00e9s. Lorsqu\u2019elle est allum\u00e9e, un souffleur d\u2019eau automatique propulse les paillettes \u00e9tincelantes comme par magie cr\u00e9ant une sc\u00e8ne dynamique digne du grand \u00e9cran. 3 piles AAA incluses.<\/p>\n","protected":false},"featured_media":356012,"comment_status":"open","ping_status":"closed","template":"","meta":[],"product_cat":[29],"product_tag":[],"aioseo_notices":[],"jetpack_sharing_enabled":true,"_links":{"self":[{"href":"https:\/\/pop-co.fr\/index.php\/wp-json\/wp\/v2\/product\/5325"}],"collection":[{"href":"https:\/\/pop-co.fr\/index.php\/wp-json\/wp\/v2\/product"}],"about":[{"href":"https:\/\/pop-co.fr\/index.php\/wp-json\/wp\/v2\/types\/product"}],"replies":[{"embeddable":true,"href":"https:\/\/pop-co.fr\/index.php\/wp-json\/wp\/v2\/comments?post=5325"}],"version-history":[{"count":0,"href":"https:\/\/pop-co.fr\/index.php\/wp-json\/wp\/v2\/product\/5325\/revisions"}],"wp:featuredmedia":[{"embeddable":true,"href":"https:\/\/pop-co.fr\/index.php\/wp-json\/wp\/v2\/media\/356012"}],"wp:attachment":[{"href":"https:\/\/pop-co.fr\/index.php\/wp-json\/wp\/v2\/media?parent=5325"}],"wp:term":[{"taxonomy":"product_cat","embeddable":true,"href":"https:\/\/pop-co.fr\/index.php\/wp-json\/wp\/v2\/product_cat?post=5325"},{"taxonomy":"product_tag","embeddable":true,"href":"https:\/\/pop-co.fr\/index.php\/wp-json\/wp\/v2\/product_tag?post=5325"}],"curies":[{"name":"wp","href":"https:\/\/api.w.org\/{rel}","templated":true}]}}