{"id":5397,"date":"2024-02-20T19:11:46","date_gmt":"2024-02-20T18:11:46","guid":{"rendered":"https:\/\/pop-co.fr\/index.php\/product\/stylo-pop-dc-comics-personnages\/"},"modified":"2025-06-28T13:57:37","modified_gmt":"2025-06-28T11:57:37","slug":"stylo-pop-dc-comics-personnages","status":"publish","type":"product","link":"https:\/\/pop-co.fr\/index.php\/product\/stylo-pop-dc-comics-personnages\/","title":{"rendered":"STYLO POP &#8211; DC COMICS &#8211; Personnages"},"content":{"rendered":"<p>*ATTENTION PRODUIT AL\u00c9ATOIRE NE POUVANT \u00caTRE RETOURN\u00c9*<\/p>\n<p>X1 Stylo Pop DC comics<\/p>\n","protected":false},"excerpt":{"rendered":"<p>*ATTENTION PRODUIT AL\u00c9ATOIRE NE POUVANT \u00caTRE RETOURN\u00c9* X1 Stylo Pop DC comics<\/p>\n","protected":false},"featured_media":348082,"comment_status":"open","ping_status":"closed","template":"","meta":[],"product_cat":[39,41],"product_tag":[],"aioseo_notices":[],"jetpack_sharing_enabled":true,"_links":{"self":[{"href":"https:\/\/pop-co.fr\/index.php\/wp-json\/wp\/v2\/product\/5397"}],"collection":[{"href":"https:\/\/pop-co.fr\/index.php\/wp-json\/wp\/v2\/product"}],"about":[{"href":"https:\/\/pop-co.fr\/index.php\/wp-json\/wp\/v2\/types\/product"}],"replies":[{"embeddable":true,"href":"https:\/\/pop-co.fr\/index.php\/wp-json\/wp\/v2\/comments?post=5397"}],"version-history":[{"count":0,"href":"https:\/\/pop-co.fr\/index.php\/wp-json\/wp\/v2\/product\/5397\/revisions"}],"wp:featuredmedia":[{"embeddable":true,"href":"https:\/\/pop-co.fr\/index.php\/wp-json\/wp\/v2\/media\/348082"}],"wp:attachment":[{"href":"https:\/\/pop-co.fr\/index.php\/wp-json\/wp\/v2\/media?parent=5397"}],"wp:term":[{"taxonomy":"product_cat","embeddable":true,"href":"https:\/\/pop-co.fr\/index.php\/wp-json\/wp\/v2\/product_cat?post=5397"},{"taxonomy":"product_tag","embeddable":true,"href":"https:\/\/pop-co.fr\/index.php\/wp-json\/wp\/v2\/product_tag?post=5397"}],"curies":[{"name":"wp","href":"https:\/\/api.w.org\/{rel}","templated":true}]}}