{"id":5426,"date":"2024-02-20T19:15:11","date_gmt":"2024-02-20T18:15:11","guid":{"rendered":"https:\/\/pop-co.fr\/index.php\/product\/cadre-death-note-light-l-and-misa\/"},"modified":"2025-06-28T14:01:46","modified_gmt":"2025-06-28T12:01:46","slug":"cadre-death-note-light-l-and-misa","status":"publish","type":"product","link":"https:\/\/pop-co.fr\/index.php\/product\/cadre-death-note-light-l-and-misa\/","title":{"rendered":"CADRE &#8211; DEATH NOTE &#8211; Light, L and Misa"},"content":{"rendered":"<p>Light et Misa accompagn\u00e9s par Ryuk et Rem seront-ils assez malins et sournois pour continuer \u00e0 cr\u00e9er la nouvelle soci\u00e9t\u00e9 de Kira en toute impunit\u00e9, ou est-ce que L arrivera \u00e0 les arr\u00eater ? L&rsquo;enqu\u00eate est ouverte sur ce magnifique tirage encadr\u00e9 Death Note par GB Eye ! <\/p>\n<p>&#8211; Tirage sur papier photographique<br \/>\n&#8211; Dimensions : 30,5 x 40,6 cm<br \/>\n&#8211; Epaisseur du cadre : 25 mm<br \/>\n&#8211; Vitre en styr\u00e8ne tr\u00e8s solide<br \/>\n&#8211; Packaging : film plastique avec plastique de protection sur les coins<\/p>\n","protected":false},"excerpt":{"rendered":"<p>Light et Misa accompagn\u00e9s par Ryuk et Rem seront-ils assez malins et sournois pour continuer \u00e0 cr\u00e9er la nouvelle soci\u00e9t\u00e9 de Kira en toute impunit\u00e9, ou est-ce que L arrivera \u00e0 les arr\u00eater ? L&rsquo;enqu\u00eate est ouverte sur ce magnifique tirage encadr\u00e9 Death Note par GB Eye ! &#8211; Tirage sur papier photographique &#8211; Dimensions [&hellip;]<\/p>\n","protected":false},"featured_media":344079,"comment_status":"open","ping_status":"closed","template":"","meta":[],"product_cat":[76],"product_tag":[],"aioseo_notices":[],"jetpack_sharing_enabled":true,"_links":{"self":[{"href":"https:\/\/pop-co.fr\/index.php\/wp-json\/wp\/v2\/product\/5426"}],"collection":[{"href":"https:\/\/pop-co.fr\/index.php\/wp-json\/wp\/v2\/product"}],"about":[{"href":"https:\/\/pop-co.fr\/index.php\/wp-json\/wp\/v2\/types\/product"}],"replies":[{"embeddable":true,"href":"https:\/\/pop-co.fr\/index.php\/wp-json\/wp\/v2\/comments?post=5426"}],"version-history":[{"count":0,"href":"https:\/\/pop-co.fr\/index.php\/wp-json\/wp\/v2\/product\/5426\/revisions"}],"wp:featuredmedia":[{"embeddable":true,"href":"https:\/\/pop-co.fr\/index.php\/wp-json\/wp\/v2\/media\/344079"}],"wp:attachment":[{"href":"https:\/\/pop-co.fr\/index.php\/wp-json\/wp\/v2\/media?parent=5426"}],"wp:term":[{"taxonomy":"product_cat","embeddable":true,"href":"https:\/\/pop-co.fr\/index.php\/wp-json\/wp\/v2\/product_cat?post=5426"},{"taxonomy":"product_tag","embeddable":true,"href":"https:\/\/pop-co.fr\/index.php\/wp-json\/wp\/v2\/product_tag?post=5426"}],"curies":[{"name":"wp","href":"https:\/\/api.w.org\/{rel}","templated":true}]}}