{"id":5446,"date":"2024-02-20T19:15:36","date_gmt":"2024-02-20T18:15:36","guid":{"rendered":"https:\/\/pop-co.fr\/index.php\/product\/cadre-gremlins-gizmo\/"},"modified":"2025-09-13T17:46:17","modified_gmt":"2025-09-13T15:46:17","slug":"cadre-gremlins-gizmo","status":"publish","type":"product","link":"https:\/\/pop-co.fr\/index.php\/product\/cadre-gremlins-gizmo\/","title":{"rendered":"CADRE &#8211; GREMLINS &#8211; Gizmo"},"content":{"rendered":"<p>Franchement, qui ne craquerait pas devant cet adorable petit Gizmo ? D\u00e9corez votre int\u00e9rieur avec le plus mignon des mogwais gr\u00e2ce \u00e0 ce tirage encadr\u00e9 Gremlins par GB Eye ! <\/p>\n<p>&#8211; Tirage sur papier photographique<br \/>\n&#8211; Dimensions : 30,5 x 40,6 cm<br \/>\n&#8211; Epaisseur du cadre : 25 mm<br \/>\n&#8211; Vitre en styr\u00e8ne tr\u00e8s solide<br \/>\n&#8211; Packaging : film plastique avec plastique de protection sur les coins<\/p>\n","protected":false},"excerpt":{"rendered":"<p>Franchement, qui ne craquerait pas devant cet adorable petit Gizmo ? D\u00e9corez votre int\u00e9rieur avec le plus mignon des mogwais gr\u00e2ce \u00e0 ce tirage encadr\u00e9 Gremlins par GB Eye ! &#8211; Tirage sur papier photographique &#8211; Dimensions : 30,5 x 40,6 cm &#8211; Epaisseur du cadre : 25 mm &#8211; Vitre en styr\u00e8ne tr\u00e8s solide [&hellip;]<\/p>\n","protected":false},"featured_media":358514,"comment_status":"open","ping_status":"closed","template":"","meta":[],"product_cat":[76],"product_tag":[],"aioseo_notices":[],"jetpack_sharing_enabled":true,"_links":{"self":[{"href":"https:\/\/pop-co.fr\/index.php\/wp-json\/wp\/v2\/product\/5446"}],"collection":[{"href":"https:\/\/pop-co.fr\/index.php\/wp-json\/wp\/v2\/product"}],"about":[{"href":"https:\/\/pop-co.fr\/index.php\/wp-json\/wp\/v2\/types\/product"}],"replies":[{"embeddable":true,"href":"https:\/\/pop-co.fr\/index.php\/wp-json\/wp\/v2\/comments?post=5446"}],"version-history":[{"count":0,"href":"https:\/\/pop-co.fr\/index.php\/wp-json\/wp\/v2\/product\/5446\/revisions"}],"wp:featuredmedia":[{"embeddable":true,"href":"https:\/\/pop-co.fr\/index.php\/wp-json\/wp\/v2\/media\/358514"}],"wp:attachment":[{"href":"https:\/\/pop-co.fr\/index.php\/wp-json\/wp\/v2\/media?parent=5446"}],"wp:term":[{"taxonomy":"product_cat","embeddable":true,"href":"https:\/\/pop-co.fr\/index.php\/wp-json\/wp\/v2\/product_cat?post=5446"},{"taxonomy":"product_tag","embeddable":true,"href":"https:\/\/pop-co.fr\/index.php\/wp-json\/wp\/v2\/product_tag?post=5446"}],"curies":[{"name":"wp","href":"https:\/\/api.w.org\/{rel}","templated":true}]}}